{"id":3063,"date":"2023-06-06T18:34:42","date_gmt":"2023-06-06T18:34:42","guid":{"rendered":"https:\/\/galeoimpactfund.org\/juan-rayo\/"},"modified":"2023-06-06T18:40:24","modified_gmt":"2023-06-06T18:40:24","slug":"juan-rayo","status":"publish","type":"page","link":"https:\/\/galeoimpactfund.org\/es\/sobre-nosotros\/personal-de-galeo\/juan-rayo\/","title":{"rendered":"Juan Rayo"},"content":{"rendered":"\t\t<div data-elementor-type=\"wp-page\" data-elementor-id=\"3063\" class=\"elementor elementor-3063 elementor-3054\" data-elementor-post-type=\"page\">\n\t\t\t\t\t\t<section class=\"elementor-section elementor-top-section elementor-element elementor-element-9dd7b65 elementor-section-boxed elementor-section-height-default elementor-section-height-default\" data-id=\"9dd7b65\" data-element_type=\"section\" data-e-type=\"section\">\n\t\t\t\t\t\t<div class=\"elementor-container elementor-column-gap-default\">\n\t\t\t\t\t<div class=\"elementor-column elementor-col-100 elementor-top-column elementor-element elementor-element-d2b1927\" data-id=\"d2b1927\" data-element_type=\"column\" data-e-type=\"column\">\n\t\t\t<div class=\"elementor-widget-wrap elementor-element-populated\">\n\t\t\t\t\t\t<div class=\"elementor-element elementor-element-d0065ff elementor-widget elementor-widget-text-editor\" data-id=\"d0065ff\" data-element_type=\"widget\" data-e-type=\"widget\" data-widget_type=\"text-editor.default\">\n\t\t\t\t<div class=\"elementor-widget-container\">\n\t\t\t\t\t\t\t\t\t<p>PR\u00c1CTICAS DE VERANO 2023<\/p>\n\t\t\t\t\t\t\t\t<\/div>\n\t\t\t\t<\/div>\n\t\t\t\t\t<\/div>\n\t\t<\/div>\n\t\t\t\t\t<\/div>\n\t\t<\/section>\n\t\t\t\t<section class=\"elementor-section elementor-top-section elementor-element elementor-element-36a67e3 elementor-section-boxed elementor-section-height-default elementor-section-height-default\" data-id=\"36a67e3\" data-element_type=\"section\" data-e-type=\"section\">\n\t\t\t\t\t\t<div class=\"elementor-container elementor-column-gap-default\">\n\t\t\t\t\t<div class=\"elementor-column elementor-col-50 elementor-top-column elementor-element elementor-element-10b37a1\" data-id=\"10b37a1\" data-element_type=\"column\" data-e-type=\"column\">\n\t\t\t<div class=\"elementor-widget-wrap elementor-element-populated\">\n\t\t\t\t\t\t<div class=\"elementor-element elementor-element-bef1377 elementor-widget elementor-widget-image\" data-id=\"bef1377\" data-element_type=\"widget\" data-e-type=\"widget\" data-widget_type=\"image.default\">\n\t\t\t\t<div class=\"elementor-widget-container\">\n\t\t\t\t\t\t\t\t\t\t\t\t\t\t\t<img fetchpriority=\"high\" decoding=\"async\" width=\"683\" height=\"1024\" src=\"https:\/\/galeoimpactfund.org\/wp-content\/uploads\/2023\/06\/IMG_0293-1-683x1024.jpg\" class=\"attachment-large size-large wp-image-3056\" alt=\"\" srcset=\"https:\/\/galeoimpactfund.org\/wp-content\/uploads\/2023\/06\/IMG_0293-1-683x1024.jpg 683w, https:\/\/galeoimpactfund.org\/wp-content\/uploads\/2023\/06\/IMG_0293-1-scaled-600x900.jpg 600w, https:\/\/galeoimpactfund.org\/wp-content\/uploads\/2023\/06\/IMG_0293-1-200x300.jpg 200w, https:\/\/galeoimpactfund.org\/wp-content\/uploads\/2023\/06\/IMG_0293-1-768x1152.jpg 768w, https:\/\/galeoimpactfund.org\/wp-content\/uploads\/2023\/06\/IMG_0293-1-1024x1536.jpg 1024w, https:\/\/galeoimpactfund.org\/wp-content\/uploads\/2023\/06\/IMG_0293-1-1365x2048.jpg 1365w, https:\/\/galeoimpactfund.org\/wp-content\/uploads\/2023\/06\/IMG_0293-1-scaled.jpg 1707w\" sizes=\"(max-width: 683px) 100vw, 683px\" \/>\t\t\t\t\t\t\t\t\t\t\t\t\t\t\t<\/div>\n\t\t\t\t<\/div>\n\t\t\t\t\t<\/div>\n\t\t<\/div>\n\t\t\t\t<div class=\"elementor-column elementor-col-50 elementor-top-column elementor-element elementor-element-3703c1f\" data-id=\"3703c1f\" data-element_type=\"column\" data-e-type=\"column\">\n\t\t\t<div class=\"elementor-widget-wrap elementor-element-populated\">\n\t\t\t\t\t\t<div class=\"elementor-element elementor-element-fe30205 elementor-widget elementor-widget-text-editor\" data-id=\"fe30205\" data-element_type=\"widget\" data-e-type=\"widget\" data-widget_type=\"text-editor.default\">\n\t\t\t\t<div class=\"elementor-widget-container\">\n\t\t\t\t\t\t\t\t\t<p>Juan Rayo Romero es nuestro becario de verano 2023 de Pol\u00edtica para GALEO Impact Fund.<\/p>\n<p>Nacido y criado en Nicaragua, Juan ha dedicado su tiempo a defender los derechos LGBTQ+, los derechos humanos y la democracia.<\/p>\n<p>Uno de sus mayores logros es el tiempo que pas\u00f3 promoviendo el ingl\u00e9s entre los j\u00f3venes nicarag\u00fcenses como voluntario en el Centro Cultural Nicarag\u00fcense Americano.<\/p>\n<p>Es muy trabajador y persevera ante la adversidad.<\/p>\n<p>Le gusta pasear por la ciudad, hacer fotos y ver la tele. Su mayor esperanza para el futuro es la paz mundial.<\/p>\n\t\t\t\t\t\t\t\t<\/div>\n\t\t\t\t<\/div>\n\t\t\t\t\t<\/div>\n\t\t<\/div>\n\t\t\t\t\t<\/div>\n\t\t<\/section>\n\t\t\t\t<\/div>\n\t\t","protected":false},"excerpt":{"rendered":"<p>PR\u00c1CTICAS DE VERANO 2023 Juan Rayo Romero es nuestro becario de verano 2023 de Pol\u00edtica para GALEO Impact Fund. Nacido y criado en Nicaragua, Juan ha dedicado su tiempo a defender los derechos LGBTQ+, los derechos humanos y la democracia. Uno de sus mayores logros es el tiempo que pas\u00f3 promoviendo el ingl\u00e9s entre los [&hellip;]<\/p>\n","protected":false},"author":13,"featured_media":0,"parent":650,"menu_order":0,"comment_status":"closed","ping_status":"closed","template":"","meta":{"footnotes":""},"class_list":["post-3063","page","type-page","status-publish","hentry"],"jetpack_sharing_enabled":true,"_links":{"self":[{"href":"https:\/\/galeoimpactfund.org\/es\/wp-json\/wp\/v2\/pages\/3063","targetHints":{"allow":["GET"]}}],"collection":[{"href":"https:\/\/galeoimpactfund.org\/es\/wp-json\/wp\/v2\/pages"}],"about":[{"href":"https:\/\/galeoimpactfund.org\/es\/wp-json\/wp\/v2\/types\/page"}],"author":[{"embeddable":true,"href":"https:\/\/galeoimpactfund.org\/es\/wp-json\/wp\/v2\/users\/13"}],"replies":[{"embeddable":true,"href":"https:\/\/galeoimpactfund.org\/es\/wp-json\/wp\/v2\/comments?post=3063"}],"version-history":[{"count":1,"href":"https:\/\/galeoimpactfund.org\/es\/wp-json\/wp\/v2\/pages\/3063\/revisions"}],"predecessor-version":[{"id":3064,"href":"https:\/\/galeoimpactfund.org\/es\/wp-json\/wp\/v2\/pages\/3063\/revisions\/3064"}],"up":[{"embeddable":true,"href":"https:\/\/galeoimpactfund.org\/es\/wp-json\/wp\/v2\/pages\/650"}],"wp:attachment":[{"href":"https:\/\/galeoimpactfund.org\/es\/wp-json\/wp\/v2\/media?parent=3063"}],"curies":[{"name":"wp","href":"https:\/\/api.w.org\/{rel}","templated":true}]}}