{"id":3072,"date":"2023-06-06T18:36:32","date_gmt":"2023-06-06T18:36:32","guid":{"rendered":"https:\/\/galeoimpactfund.org\/issa-solis\/"},"modified":"2023-06-06T18:40:05","modified_gmt":"2023-06-06T18:40:05","slug":"issa-solis","status":"publish","type":"page","link":"https:\/\/galeoimpactfund.org\/es\/sobre-nosotros\/personal-de-galeo\/issa-solis\/","title":{"rendered":"Issa Sol\u00eds"},"content":{"rendered":"\t\t<div data-elementor-type=\"wp-page\" data-elementor-id=\"3072\" class=\"elementor elementor-3072 elementor-3065\" data-elementor-post-type=\"page\">\n\t\t\t\t\t\t<section class=\"elementor-section elementor-top-section elementor-element elementor-element-8e8e962 elementor-section-boxed elementor-section-height-default elementor-section-height-default\" data-id=\"8e8e962\" data-element_type=\"section\" data-e-type=\"section\">\n\t\t\t\t\t\t<div class=\"elementor-container elementor-column-gap-default\">\n\t\t\t\t\t<div class=\"elementor-column elementor-col-100 elementor-top-column elementor-element elementor-element-ab0b0e7\" data-id=\"ab0b0e7\" data-element_type=\"column\" data-e-type=\"column\">\n\t\t\t<div class=\"elementor-widget-wrap elementor-element-populated\">\n\t\t\t\t\t\t<div class=\"elementor-element elementor-element-8a326ae elementor-widget elementor-widget-text-editor\" data-id=\"8a326ae\" data-element_type=\"widget\" data-e-type=\"widget\" data-widget_type=\"text-editor.default\">\n\t\t\t\t<div class=\"elementor-widget-container\">\n\t\t\t\t\t\t\t\t\t<p>PR\u00c1CTICAS DE VERANO 2023<\/p>\n\t\t\t\t\t\t\t\t<\/div>\n\t\t\t\t<\/div>\n\t\t\t\t\t<\/div>\n\t\t<\/div>\n\t\t\t\t\t<\/div>\n\t\t<\/section>\n\t\t\t\t<section class=\"elementor-section elementor-top-section elementor-element elementor-element-3c14570 elementor-section-boxed elementor-section-height-default elementor-section-height-default\" data-id=\"3c14570\" data-element_type=\"section\" data-e-type=\"section\">\n\t\t\t\t\t\t<div class=\"elementor-container elementor-column-gap-default\">\n\t\t\t\t\t<div class=\"elementor-column elementor-col-50 elementor-top-column elementor-element elementor-element-2aed349\" data-id=\"2aed349\" data-element_type=\"column\" data-e-type=\"column\">\n\t\t\t<div class=\"elementor-widget-wrap elementor-element-populated\">\n\t\t\t\t\t\t<div class=\"elementor-element elementor-element-766a758 elementor-widget elementor-widget-image\" data-id=\"766a758\" data-element_type=\"widget\" data-e-type=\"widget\" data-widget_type=\"image.default\">\n\t\t\t\t<div class=\"elementor-widget-container\">\n\t\t\t\t\t\t\t\t\t\t\t\t\t\t\t<img fetchpriority=\"high\" decoding=\"async\" width=\"800\" height=\"800\" src=\"https:\/\/galeoimpactfund.org\/wp-content\/uploads\/2023\/06\/galeo_headshot-1024x1024.png\" class=\"attachment-large size-large wp-image-3068\" alt=\"\" srcset=\"https:\/\/galeoimpactfund.org\/wp-content\/uploads\/2023\/06\/galeo_headshot-1024x1024.png 1024w, https:\/\/galeoimpactfund.org\/wp-content\/uploads\/2023\/06\/galeo_headshot-300x300.png 300w, https:\/\/galeoimpactfund.org\/wp-content\/uploads\/2023\/06\/galeo_headshot-100x100.png 100w, https:\/\/galeoimpactfund.org\/wp-content\/uploads\/2023\/06\/galeo_headshot-600x600.png 600w, https:\/\/galeoimpactfund.org\/wp-content\/uploads\/2023\/06\/galeo_headshot-150x150.png 150w, https:\/\/galeoimpactfund.org\/wp-content\/uploads\/2023\/06\/galeo_headshot-768x768.png 768w, https:\/\/galeoimpactfund.org\/wp-content\/uploads\/2023\/06\/galeo_headshot-1536x1536.png 1536w, https:\/\/galeoimpactfund.org\/wp-content\/uploads\/2023\/06\/galeo_headshot.png 1620w\" sizes=\"(max-width: 800px) 100vw, 800px\" \/>\t\t\t\t\t\t\t\t\t\t\t\t\t\t\t<\/div>\n\t\t\t\t<\/div>\n\t\t\t\t\t<\/div>\n\t\t<\/div>\n\t\t\t\t<div class=\"elementor-column elementor-col-50 elementor-top-column elementor-element elementor-element-a5eba57\" data-id=\"a5eba57\" data-element_type=\"column\" data-e-type=\"column\">\n\t\t\t<div class=\"elementor-widget-wrap elementor-element-populated\">\n\t\t\t\t\t\t<div class=\"elementor-element elementor-element-8cfac12 elementor-widget elementor-widget-text-editor\" data-id=\"8cfac12\" data-element_type=\"widget\" data-e-type=\"widget\" data-widget_type=\"text-editor.default\">\n\t\t\t\t<div class=\"elementor-widget-container\">\n\t\t\t\t\t\t\t\t\t<p>Issa Sol\u00eds naci\u00f3 y creci\u00f3 en Nueva Orleans, Luisiana, hijo de dos inmigrantes nicarag\u00fcenses de primera generaci\u00f3n. Est\u00e1 muy orgullosa de su herencia nicarag\u00fcense. Espera poder devolver alg\u00fan d\u00eda el favor a inmigrantes como sus padres.<\/p>\n<p>Issa cursa el \u00faltimo a\u00f1o en la Universidad Estatal de Kennesaw y se especializa en Estudios Teatrales e Interpretativos y en Estudios Latinoamericanos. Es becaria en redes sociales de la organizaci\u00f3n local sin \u00e1nimo de lucro Illuminate Atlanta, cuyo objetivo es ofrecer formaci\u00f3n gratuita en fotograf\u00eda a j\u00f3venes de comunidades desfavorecidas y subrepresentadas.<\/p>\n<p>La pasi\u00f3n m\u00e1s significativa de Issa reside en el arte y el compromiso con la comunidad. Tiene la suerte de participar en el activismo art\u00edstico local con el New Connections Collision Project, una colaboraci\u00f3n entre la Universidad Estatal de Kennesaw, el Departamento de Justicia Juvenil de Georgia y el Alliance Theatre. Cuando se grad\u00fae, Issa espera cursar un m\u00e1ster y seguir trabajando en arte y compromiso comunitario.<\/p>\n\t\t\t\t\t\t\t\t<\/div>\n\t\t\t\t<\/div>\n\t\t\t\t\t<\/div>\n\t\t<\/div>\n\t\t\t\t\t<\/div>\n\t\t<\/section>\n\t\t\t\t<\/div>\n\t\t","protected":false},"excerpt":{"rendered":"<p>PR\u00c1CTICAS DE VERANO 2023 Issa Sol\u00eds naci\u00f3 y creci\u00f3 en Nueva Orleans, Luisiana, hijo de dos inmigrantes nicarag\u00fcenses de primera generaci\u00f3n. Est\u00e1 muy orgullosa de su herencia nicarag\u00fcense. Espera poder devolver alg\u00fan d\u00eda el favor a inmigrantes como sus padres. Issa cursa el \u00faltimo a\u00f1o en la Universidad Estatal de Kennesaw y se especializa en [&hellip;]<\/p>\n","protected":false},"author":13,"featured_media":0,"parent":650,"menu_order":0,"comment_status":"closed","ping_status":"closed","template":"","meta":{"footnotes":""},"class_list":["post-3072","page","type-page","status-publish","hentry"],"jetpack_sharing_enabled":true,"_links":{"self":[{"href":"https:\/\/galeoimpactfund.org\/es\/wp-json\/wp\/v2\/pages\/3072","targetHints":{"allow":["GET"]}}],"collection":[{"href":"https:\/\/galeoimpactfund.org\/es\/wp-json\/wp\/v2\/pages"}],"about":[{"href":"https:\/\/galeoimpactfund.org\/es\/wp-json\/wp\/v2\/types\/page"}],"author":[{"embeddable":true,"href":"https:\/\/galeoimpactfund.org\/es\/wp-json\/wp\/v2\/users\/13"}],"replies":[{"embeddable":true,"href":"https:\/\/galeoimpactfund.org\/es\/wp-json\/wp\/v2\/comments?post=3072"}],"version-history":[{"count":3,"href":"https:\/\/galeoimpactfund.org\/es\/wp-json\/wp\/v2\/pages\/3072\/revisions"}],"predecessor-version":[{"id":3081,"href":"https:\/\/galeoimpactfund.org\/es\/wp-json\/wp\/v2\/pages\/3072\/revisions\/3081"}],"up":[{"embeddable":true,"href":"https:\/\/galeoimpactfund.org\/es\/wp-json\/wp\/v2\/pages\/650"}],"wp:attachment":[{"href":"https:\/\/galeoimpactfund.org\/es\/wp-json\/wp\/v2\/media?parent=3072"}],"curies":[{"name":"wp","href":"https:\/\/api.w.org\/{rel}","templated":true}]}}