{"id":615,"date":"2022-02-02T21:38:25","date_gmt":"2022-02-02T21:38:25","guid":{"rendered":"https:\/\/galeoimpactfund.org\/derecho-al-voto\/"},"modified":"2022-03-11T19:12:05","modified_gmt":"2022-03-11T19:12:05","slug":"derecho-al-voto","status":"publish","type":"page","link":"https:\/\/galeoimpactfund.org\/es\/las-problematcias\/derecho-al-voto\/","title":{"rendered":"Derecho al voto"},"content":{"rendered":"\t\t<div data-elementor-type=\"wp-page\" data-elementor-id=\"615\" class=\"elementor elementor-615 elementor-161\" data-elementor-post-type=\"page\">\n\t\t\t\t\t\t<section class=\"elementor-section elementor-top-section elementor-element elementor-element-b888bf1 elementor-section-boxed elementor-section-height-default elementor-section-height-default\" data-id=\"b888bf1\" data-element_type=\"section\" data-e-type=\"section\">\n\t\t\t\t\t\t<div class=\"elementor-container elementor-column-gap-default\">\n\t\t\t\t\t<div class=\"elementor-column elementor-col-100 elementor-top-column elementor-element elementor-element-ea11d19\" data-id=\"ea11d19\" data-element_type=\"column\" data-e-type=\"column\">\n\t\t\t<div class=\"elementor-widget-wrap elementor-element-populated\">\n\t\t\t\t\t\t<div class=\"elementor-element elementor-element-725e544 elementor-widget elementor-widget-text-editor\" data-id=\"725e544\" data-element_type=\"widget\" data-e-type=\"widget\" data-widget_type=\"text-editor.default\">\n\t\t\t\t<div class=\"elementor-widget-container\">\n\t\t\t\t\t\t\t\t\t<p>El derecho m\u00e1s sagrado de una democracia es el derecho al voto. El voto est\u00e1 bajo ataque en Georgia. SB202 permite a los funcionarios a nivel estatal robar una elecci\u00f3n al usurpar los poderes de las juntas electorales locales. En 2022, GALEO Impact Fund continuar\u00e1 luchando por leyes electorales justas y equitativas durante la Sesi\u00f3n Legislativa de 2022.<\/p><ul><li style=\"font-weight: 400;\" aria-level=\"1\"><em><span style=\"font-weight: 400;\">Los pol\u00edticos mantienen o pierden sus trabajos dependiendo de los votantes. Cuando nuestra comunidad va a votar, les recordamos que deben tener en cuenta a nuestra comunidad al escribir y votar sobre leyes porque impactamos directamente en su empleo continuo. <\/span><\/em><\/li><li style=\"font-weight: 400;\" aria-level=\"1\"><em><span style=\"font-weight: 400;\">No hay necesidad de tener una falsa dicotom\u00eda entre votar y hacer una diferencia en nuestra comunidad. Estas cosas no son mutuamente excluyentes. \u00a1Votar es un paso que aumenta el poder de nuestra comunidad a lo grande y puede ayudar a mejorar nuestras condiciones materiales!<\/span><\/em><\/li><\/ul><p><span style=\"font-weight: 400;\">Si no est\u00e1 registrado para votar, puede registrarse<\/span> <a href=\"http:\/\/bit.ly\/OVRGALEO\" target=\"_blank\" rel=\"noopener\"><span style=\"font-weight: 400;\">aqu\u00ed<\/span><\/a><span style=\"font-weight: 400;\">. El primer formulario nos ayuda a realizar un seguimiento de nuestro trabajo para ver a qui\u00e9n hemos ayudado a registrarse para votar y nos ayuda a luchar contra los esfuerzos para quitarle sus derechos de voto, \u00a1y el segundo formulario lo registrar\u00e1 para votar en Georgia!<\/span><\/p><p> <\/p><p style=\"text-align: center;\"><em><strong>Si est\u00e1 interesado en involucrarse en la defensa del derecho al voto y aprender m\u00e1s sobre el poder de nuestros votos a nivel local, \u00a1reg\u00edstrese hoy en <a href=\"https:\/\/secure.everyaction.com\/Efrh1PC980ao4RgZzKQwoA2\" target=\"_blank\" rel=\"noopener\">el Proyecto El Pueblo Unido<\/a> !<\/strong><\/em><\/p>\t\t\t\t\t\t\t\t<\/div>\n\t\t\t\t<\/div>\n\t\t\t\t<div class=\"elementor-element elementor-element-1d77625 elementor-widget elementor-widget-video\" data-id=\"1d77625\" data-element_type=\"widget\" data-e-type=\"widget\" data-settings=\"{&quot;youtube_url&quot;:&quot;https:\\\/\\\/www.youtube.com\\\/watch?v=_F8Ot8IFLGw&quot;,&quot;video_type&quot;:&quot;youtube&quot;,&quot;controls&quot;:&quot;yes&quot;}\" data-widget_type=\"video.default\">\n\t\t\t\t<div class=\"elementor-widget-container\">\n\t\t\t\t\t\t\t<div class=\"elementor-wrapper elementor-open-inline\">\n\t\t\t<div class=\"elementor-video\"><\/div>\t\t<\/div>\n\t\t\t\t\t\t<\/div>\n\t\t\t\t<\/div>\n\t\t\t\t\t<\/div>\n\t\t<\/div>\n\t\t\t\t\t<\/div>\n\t\t<\/section>\n\t\t\t\t<section class=\"elementor-section elementor-top-section elementor-element elementor-element-41f16307 elementor-section-boxed elementor-section-height-default elementor-section-height-default\" data-id=\"41f16307\" data-element_type=\"section\" data-e-type=\"section\">\n\t\t\t\t\t\t<div class=\"elementor-container elementor-column-gap-default\">\n\t\t\t\t\t<div class=\"elementor-column elementor-col-100 elementor-top-column elementor-element elementor-element-f16a977\" data-id=\"f16a977\" data-element_type=\"column\" data-e-type=\"column\">\n\t\t\t<div class=\"elementor-widget-wrap elementor-element-populated\">\n\t\t\t\t\t\t<div class=\"elementor-element elementor-element-464d3555 elementor-widget elementor-widget-heading\" data-id=\"464d3555\" data-element_type=\"widget\" data-e-type=\"widget\" data-widget_type=\"heading.default\">\n\t\t\t\t<div class=\"elementor-widget-container\">\n\t\t\t\t\t<h3 class=\"elementor-heading-title elementor-size-default\">CONOZCA M\u00c1S SOBRE LOS PROBLEMAS:<\/h3>\t\t\t\t<\/div>\n\t\t\t\t<\/div>\n\t\t\t\t<section class=\"elementor-section elementor-inner-section elementor-element elementor-element-404273f4 elementor-section-boxed elementor-section-height-default elementor-section-height-default\" data-id=\"404273f4\" data-element_type=\"section\" data-e-type=\"section\">\n\t\t\t\t\t\t<div class=\"elementor-container elementor-column-gap-default\">\n\t\t\t\t\t<div class=\"elementor-column elementor-col-20 elementor-inner-column elementor-element elementor-element-138ec52\" data-id=\"138ec52\" data-element_type=\"column\" data-e-type=\"column\">\n\t\t\t<div class=\"elementor-widget-wrap elementor-element-populated\">\n\t\t\t\t\t\t<div class=\"elementor-element elementor-element-9a494f9 elementor-view-default elementor-position-block-start elementor-mobile-position-block-start elementor-widget elementor-widget-icon-box\" data-id=\"9a494f9\" data-element_type=\"widget\" data-e-type=\"widget\" data-widget_type=\"icon-box.default\">\n\t\t\t\t<div class=\"elementor-widget-container\">\n\t\t\t\t\t\t\t<div class=\"elementor-icon-box-wrapper\">\n\n\t\t\t\t\t\t<div class=\"elementor-icon-box-icon\">\n\t\t\t\t<a href=\"https:\/\/galeoimpactfund.org\/es\/los-problemas\/derecho-al-voto\/\" class=\"elementor-icon\" tabindex=\"-1\" aria-label=\"Protecci\u00f3n de los derechos de voto\">\n\t\t\t\t<i aria-hidden=\"true\" class=\"far fa-box-ballot\"><\/i>\t\t\t\t<\/a>\n\t\t\t<\/div>\n\t\t\t\n\t\t\t\t\t\t<div class=\"elementor-icon-box-content\">\n\n\t\t\t\t\t\t\t\t\t<h4 class=\"elementor-icon-box-title\">\n\t\t\t\t\t\t<a href=\"https:\/\/galeoimpactfund.org\/es\/los-problemas\/derecho-al-voto\/\" >\n\t\t\t\t\t\t\tProtecci\u00f3n de los derechos de voto\t\t\t\t\t\t<\/a>\n\t\t\t\t\t<\/h4>\n\t\t\t\t\n\t\t\t\t\n\t\t\t<\/div>\n\t\t\t\n\t\t<\/div>\n\t\t\t\t\t\t<\/div>\n\t\t\t\t<\/div>\n\t\t\t\t\t<\/div>\n\t\t<\/div>\n\t\t\t\t<div class=\"elementor-column elementor-col-20 elementor-inner-column elementor-element elementor-element-2aa44480\" data-id=\"2aa44480\" data-element_type=\"column\" data-e-type=\"column\">\n\t\t\t<div class=\"elementor-widget-wrap elementor-element-populated\">\n\t\t\t\t\t\t<div class=\"elementor-element elementor-element-72e22f30 elementor-view-default elementor-position-block-start elementor-mobile-position-block-start elementor-widget elementor-widget-icon-box\" data-id=\"72e22f30\" data-element_type=\"widget\" data-e-type=\"widget\" data-widget_type=\"icon-box.default\">\n\t\t\t\t<div class=\"elementor-widget-container\">\n\t\t\t\t\t\t\t<div class=\"elementor-icon-box-wrapper\">\n\n\t\t\t\t\t\t<div class=\"elementor-icon-box-icon\">\n\t\t\t\t<a href=\"https:\/\/galeoimpactfund.org\/es\/los-problemas\/reforma-inmigratoria\/\" class=\"elementor-icon\" tabindex=\"-1\" aria-label=\"Reforma inmigratoria\">\n\t\t\t\t<i aria-hidden=\"true\" class=\"far fa-passport\"><\/i>\t\t\t\t<\/a>\n\t\t\t<\/div>\n\t\t\t\n\t\t\t\t\t\t<div class=\"elementor-icon-box-content\">\n\n\t\t\t\t\t\t\t\t\t<h4 class=\"elementor-icon-box-title\">\n\t\t\t\t\t\t<a href=\"https:\/\/galeoimpactfund.org\/es\/los-problemas\/reforma-inmigratoria\/\" >\n\t\t\t\t\t\t\tReforma inmigratoria\t\t\t\t\t\t<\/a>\n\t\t\t\t\t<\/h4>\n\t\t\t\t\n\t\t\t\t\n\t\t\t<\/div>\n\t\t\t\n\t\t<\/div>\n\t\t\t\t\t\t<\/div>\n\t\t\t\t<\/div>\n\t\t\t\t\t<\/div>\n\t\t<\/div>\n\t\t\t\t<div class=\"elementor-column elementor-col-20 elementor-inner-column elementor-element elementor-element-673845dc\" data-id=\"673845dc\" data-element_type=\"column\" data-e-type=\"column\">\n\t\t\t<div class=\"elementor-widget-wrap elementor-element-populated\">\n\t\t\t\t\t\t<div class=\"elementor-element elementor-element-5bc257b6 elementor-view-default elementor-position-block-start elementor-mobile-position-block-start elementor-widget elementor-widget-icon-box\" data-id=\"5bc257b6\" data-element_type=\"widget\" data-e-type=\"widget\" data-widget_type=\"icon-box.default\">\n\t\t\t\t<div class=\"elementor-widget-container\">\n\t\t\t\t\t\t\t<div class=\"elementor-icon-box-wrapper\">\n\n\t\t\t\t\t\t<div class=\"elementor-icon-box-icon\">\n\t\t\t\t<a href=\"https:\/\/galeoimpactfund.org\/es\/los-problemas\/la-justicia-ambiental\/\" class=\"elementor-icon\" tabindex=\"-1\" aria-label=\"La justicia ambiental\">\n\t\t\t\t<i aria-hidden=\"true\" class=\"far fa-leaf\"><\/i>\t\t\t\t<\/a>\n\t\t\t<\/div>\n\t\t\t\n\t\t\t\t\t\t<div class=\"elementor-icon-box-content\">\n\n\t\t\t\t\t\t\t\t\t<h4 class=\"elementor-icon-box-title\">\n\t\t\t\t\t\t<a href=\"https:\/\/galeoimpactfund.org\/es\/los-problemas\/la-justicia-ambiental\/\" >\n\t\t\t\t\t\t\tLa justicia ambiental\t\t\t\t\t\t<\/a>\n\t\t\t\t\t<\/h4>\n\t\t\t\t\n\t\t\t\t\n\t\t\t<\/div>\n\t\t\t\n\t\t<\/div>\n\t\t\t\t\t\t<\/div>\n\t\t\t\t<\/div>\n\t\t\t\t\t<\/div>\n\t\t<\/div>\n\t\t\t\t<div class=\"elementor-column elementor-col-20 elementor-inner-column elementor-element elementor-element-e4edf74\" data-id=\"e4edf74\" data-element_type=\"column\" data-e-type=\"column\">\n\t\t\t<div class=\"elementor-widget-wrap elementor-element-populated\">\n\t\t\t\t\t\t<div class=\"elementor-element elementor-element-234bc5e1 elementor-view-default elementor-position-block-start elementor-mobile-position-block-start elementor-widget elementor-widget-icon-box\" data-id=\"234bc5e1\" data-element_type=\"widget\" data-e-type=\"widget\" data-widget_type=\"icon-box.default\">\n\t\t\t\t<div class=\"elementor-widget-container\">\n\t\t\t\t\t\t\t<div class=\"elementor-icon-box-wrapper\">\n\n\t\t\t\t\t\t<div class=\"elementor-icon-box-icon\">\n\t\t\t\t<a href=\"https:\/\/galeoimpactfund.org\/es\/los-problemas\/compromiso-juvenil\/\" class=\"elementor-icon\" tabindex=\"-1\" aria-label=\"Compromiso juvenil\">\n\t\t\t\t<i aria-hidden=\"true\" class=\"far fa-person-sign\"><\/i>\t\t\t\t<\/a>\n\t\t\t<\/div>\n\t\t\t\n\t\t\t\t\t\t<div class=\"elementor-icon-box-content\">\n\n\t\t\t\t\t\t\t\t\t<h4 class=\"elementor-icon-box-title\">\n\t\t\t\t\t\t<a href=\"https:\/\/galeoimpactfund.org\/es\/los-problemas\/compromiso-juvenil\/\" >\n\t\t\t\t\t\t\tCompromiso juvenil\t\t\t\t\t\t<\/a>\n\t\t\t\t\t<\/h4>\n\t\t\t\t\n\t\t\t\t\n\t\t\t<\/div>\n\t\t\t\n\t\t<\/div>\n\t\t\t\t\t\t<\/div>\n\t\t\t\t<\/div>\n\t\t\t\t\t<\/div>\n\t\t<\/div>\n\t\t\t\t<div class=\"elementor-column elementor-col-20 elementor-inner-column elementor-element elementor-element-187a4958\" data-id=\"187a4958\" data-element_type=\"column\" data-e-type=\"column\">\n\t\t\t<div class=\"elementor-widget-wrap elementor-element-populated\">\n\t\t\t\t\t\t<div class=\"elementor-element elementor-element-971cd4e elementor-view-default elementor-position-block-start elementor-mobile-position-block-start elementor-widget elementor-widget-icon-box\" data-id=\"971cd4e\" data-element_type=\"widget\" data-e-type=\"widget\" data-widget_type=\"icon-box.default\">\n\t\t\t\t<div class=\"elementor-widget-container\">\n\t\t\t\t\t\t\t<div class=\"elementor-icon-box-wrapper\">\n\n\t\t\t\t\t\t<div class=\"elementor-icon-box-icon\">\n\t\t\t\t<a href=\"https:\/\/galeoimpactfund.org\/es\/los-problemas\/necesidades-de-transporte\/\" class=\"elementor-icon\" tabindex=\"-1\" aria-label=\"Reconstruir mejor\">\n\t\t\t\t<i aria-hidden=\"true\" class=\"far fa-car-building\"><\/i>\t\t\t\t<\/a>\n\t\t\t<\/div>\n\t\t\t\n\t\t\t\t\t\t<div class=\"elementor-icon-box-content\">\n\n\t\t\t\t\t\t\t\t\t<h4 class=\"elementor-icon-box-title\">\n\t\t\t\t\t\t<a href=\"https:\/\/galeoimpactfund.org\/es\/los-problemas\/necesidades-de-transporte\/\" >\n\t\t\t\t\t\t\tReconstruir mejor\t\t\t\t\t\t<\/a>\n\t\t\t\t\t<\/h4>\n\t\t\t\t\n\t\t\t\t\n\t\t\t<\/div>\n\t\t\t\n\t\t<\/div>\n\t\t\t\t\t\t<\/div>\n\t\t\t\t<\/div>\n\t\t\t\t\t<\/div>\n\t\t<\/div>\n\t\t\t\t\t<\/div>\n\t\t<\/section>\n\t\t\t\t\t<\/div>\n\t\t<\/div>\n\t\t\t\t\t<\/div>\n\t\t<\/section>\n\t\t\t\t<\/div>\n\t\t","protected":false},"excerpt":{"rendered":"<p>El derecho m\u00e1s sagrado de una democracia es el derecho al voto. El voto est\u00e1 bajo ataque en Georgia. SB202 permite a los funcionarios a nivel estatal robar una elecci\u00f3n al usurpar los poderes de las juntas electorales locales. En 2022, GALEO Impact Fund continuar\u00e1 luchando por leyes electorales justas y equitativas durante la Sesi\u00f3n [&hellip;]<\/p>\n","protected":false},"author":1,"featured_media":592,"parent":642,"menu_order":0,"comment_status":"closed","ping_status":"closed","template":"","meta":{"footnotes":""},"class_list":["post-615","page","type-page","status-publish","has-post-thumbnail","hentry"],"jetpack_sharing_enabled":true,"_links":{"self":[{"href":"https:\/\/galeoimpactfund.org\/es\/wp-json\/wp\/v2\/pages\/615","targetHints":{"allow":["GET"]}}],"collection":[{"href":"https:\/\/galeoimpactfund.org\/es\/wp-json\/wp\/v2\/pages"}],"about":[{"href":"https:\/\/galeoimpactfund.org\/es\/wp-json\/wp\/v2\/types\/page"}],"author":[{"embeddable":true,"href":"https:\/\/galeoimpactfund.org\/es\/wp-json\/wp\/v2\/users\/1"}],"replies":[{"embeddable":true,"href":"https:\/\/galeoimpactfund.org\/es\/wp-json\/wp\/v2\/comments?post=615"}],"version-history":[{"count":8,"href":"https:\/\/galeoimpactfund.org\/es\/wp-json\/wp\/v2\/pages\/615\/revisions"}],"predecessor-version":[{"id":1078,"href":"https:\/\/galeoimpactfund.org\/es\/wp-json\/wp\/v2\/pages\/615\/revisions\/1078"}],"up":[{"embeddable":true,"href":"https:\/\/galeoimpactfund.org\/es\/wp-json\/wp\/v2\/pages\/642"}],"wp:featuredmedia":[{"embeddable":true,"href":"https:\/\/galeoimpactfund.org\/es\/wp-json\/wp\/v2\/media\/592"}],"wp:attachment":[{"href":"https:\/\/galeoimpactfund.org\/es\/wp-json\/wp\/v2\/media?parent=615"}],"curies":[{"name":"wp","href":"https:\/\/api.w.org\/{rel}","templated":true}]}}