{"id":620,"date":"2022-01-26T20:41:20","date_gmt":"2022-01-26T20:41:20","guid":{"rendered":"https:\/\/galeoimpactfund.org\/sobre-nosotros\/"},"modified":"2024-02-05T14:49:00","modified_gmt":"2024-02-05T14:49:00","slug":"sobre-nosotros","status":"publish","type":"page","link":"https:\/\/galeoimpactfund.org\/es\/sobre-nosotros\/","title":{"rendered":"Sobre nosotros"},"content":{"rendered":"\t\t<div data-elementor-type=\"wp-page\" data-elementor-id=\"620\" class=\"elementor elementor-620 elementor-55\" data-elementor-post-type=\"page\">\n\t\t\t\t\t\t<section class=\"elementor-section elementor-top-section elementor-element elementor-element-340edd8 elementor-section-boxed elementor-section-height-default elementor-section-height-default\" data-id=\"340edd8\" data-element_type=\"section\" data-e-type=\"section\">\n\t\t\t\t\t\t<div class=\"elementor-container elementor-column-gap-default\">\n\t\t\t\t\t<div class=\"elementor-column elementor-col-100 elementor-top-column elementor-element elementor-element-2487ba6\" data-id=\"2487ba6\" data-element_type=\"column\" data-e-type=\"column\">\n\t\t\t<div class=\"elementor-widget-wrap elementor-element-populated\">\n\t\t\t\t\t\t<div class=\"elementor-element elementor-element-7f2122d elementor-widget elementor-widget-text-editor\" data-id=\"7f2122d\" data-element_type=\"widget\" data-e-type=\"widget\" data-widget_type=\"text-editor.default\">\n\t\t\t\t<div class=\"elementor-widget-container\">\n\t\t\t\t\t\t\t\t\t<p><strong>Misi\u00f3n:<\/strong> Trabajamos para ampliar e influir en el poder pol\u00edtico latino en Georgia. Tambi\u00e9n tratamos de elegir y responsabilizar a los responsables pol\u00edticos que se alinean con nuestros valores progresistas.<\/p>\n<p><strong>Visi\u00f3n:<\/strong> Georgia es un estado en el que se busca la voz de los latinos y en el que los responsables pol\u00edticos latinos tienen una representaci\u00f3n equitativa.<\/p>\n<p style=\"text-align: center;\"><em><strong>CREENCIAS FUNDAMENTALES:<\/strong> base, defensa, diversidad y capacidad de respuesta.<\/em><\/p>\n<p style=\"text-align: center;\"><em><strong>\u00a1Trabajando juntos por una mejor Georgia!<\/strong><\/em><\/p>\n<h3>Nuestra historia<\/h3>\n<p>El Fondo de Desarrollo de la Comunidad Latina GALEO ha estado trabajando para aumentar la participaci\u00f3n c\u00edvica y el liderazgo en la comunidad latina en Georgia desde 2003. A trav\u00e9s de este trabajo, el equipo de GALEO vio la necesidad de continuar el invaluable trabajo no partidista del Fondo de Desarrollo de la Comunidad Latina de GALEO junto con una instituci\u00f3n separada para participar en m\u00e1s activismo pol\u00edtico. El Fondo de Impacto GALEO se estableci\u00f3 en 2019 para ayudar a abordar esta necesidad y organizar el creciente poder pol\u00edtico de la comunidad latina en Georgia. Somos una organizaci\u00f3n joven con a\u00f1os de experiencia en participaci\u00f3n c\u00edvica y estamos emocionados de poder agregar m\u00e1s herramientas pol\u00edticas para ayudar a lograr una mejor Georgia y una democracia m\u00e1s fuerte.<\/p>\t\t\t\t\t\t\t\t<\/div>\n\t\t\t\t<\/div>\n\t\t\t\t<div class=\"elementor-element elementor-element-d91742e elementor-widget elementor-widget-button\" data-id=\"d91742e\" data-element_type=\"widget\" data-e-type=\"widget\" data-widget_type=\"button.default\">\n\t\t\t\t<div class=\"elementor-widget-container\">\n\t\t\t\t\t\t\t\t\t<div class=\"elementor-button-wrapper\">\n\t\t\t\t\t<a class=\"elementor-button elementor-button-link elementor-size-sm\" href=\"https:\/\/galeoimpactfund.org\/es\/voluntario\/\">\n\t\t\t\t\t\t<span class=\"elementor-button-content-wrapper\">\n\t\t\t\t\t\t\t\t\t<span class=\"elementor-button-text\">\u00a1Nuestro trabajo contin\u00faa y su ayuda es necesaria!<\/span>\n\t\t\t\t\t<\/span>\n\t\t\t\t\t<\/a>\n\t\t\t\t<\/div>\n\t\t\t\t\t\t\t\t<\/div>\n\t\t\t\t<\/div>\n\t\t\t\t<div class=\"elementor-element elementor-element-52b004c elementor-widget elementor-widget-text-editor\" data-id=\"52b004c\" data-element_type=\"widget\" data-e-type=\"widget\" data-widget_type=\"text-editor.default\">\n\t\t\t\t<div class=\"elementor-widget-container\">\n\t\t\t\t\t\t\t\t\t<h3>lo que nos impulsa<\/h3>\n<p>Crear una Georgia m\u00e1s inclusiva que empodere a nuestra comunidad Latinx y asegure el respeto por nuestras contribuciones.<\/p>\n\t\t\t\t\t\t\t\t<\/div>\n\t\t\t\t<\/div>\n\t\t\t\t<div class=\"elementor-element elementor-element-ae452b1 elementor-position-left elementor-vertical-align-top elementor-widget elementor-widget-image-box\" data-id=\"ae452b1\" data-element_type=\"widget\" data-e-type=\"widget\" data-widget_type=\"image-box.default\">\n\t\t\t\t<div class=\"elementor-widget-container\">\n\t\t\t\t\t<div class=\"elementor-image-box-wrapper\"><figure class=\"elementor-image-box-img\"><img fetchpriority=\"high\" decoding=\"async\" width=\"400\" height=\"300\" src=\"https:\/\/galeoimpactfund.org\/wp-content\/uploads\/2022\/02\/galeo-impactfund-grassroots.jpg\" class=\"attachment-full size-full wp-image-444\" alt=\"\" srcset=\"https:\/\/galeoimpactfund.org\/wp-content\/uploads\/2022\/02\/galeo-impactfund-grassroots.jpg 400w, https:\/\/galeoimpactfund.org\/wp-content\/uploads\/2022\/02\/galeo-impactfund-grassroots-300x225.jpg 300w\" sizes=\"(max-width: 400px) 100vw, 400px\" \/><\/figure><div class=\"elementor-image-box-content\"><h3 class=\"elementor-image-box-title\">Base<\/h3><p class=\"elementor-image-box-description\">Nuestra comunidad proviene de muchos \u00e1mbitos de la vida. La inclusi\u00f3n es importante para nosotros en el trabajo de construir poder juntos.<\/p><\/div><\/div>\t\t\t\t<\/div>\n\t\t\t\t<\/div>\n\t\t\t\t<div class=\"elementor-element elementor-element-c0effd9 elementor-position-left elementor-vertical-align-top elementor-widget elementor-widget-image-box\" data-id=\"c0effd9\" data-element_type=\"widget\" data-e-type=\"widget\" data-widget_type=\"image-box.default\">\n\t\t\t\t<div class=\"elementor-widget-container\">\n\t\t\t\t\t<div class=\"elementor-image-box-wrapper\"><figure class=\"elementor-image-box-img\"><img decoding=\"async\" width=\"400\" height=\"300\" src=\"https:\/\/galeoimpactfund.org\/wp-content\/uploads\/2022\/02\/galeo-impactfund-advocacy.jpg\" class=\"attachment-full size-full wp-image-448\" alt=\"\" srcset=\"https:\/\/galeoimpactfund.org\/wp-content\/uploads\/2022\/02\/galeo-impactfund-advocacy.jpg 400w, https:\/\/galeoimpactfund.org\/wp-content\/uploads\/2022\/02\/galeo-impactfund-advocacy-300x225.jpg 300w\" sizes=\"(max-width: 400px) 100vw, 400px\" \/><\/figure><div class=\"elementor-image-box-content\"><h3 class=\"elementor-image-box-title\">Abogac\u00eda<\/h3><p class=\"elementor-image-box-description\">Nuestro trabajo ser\u00e1 progresista y estar\u00e1 anclado en los valores de nuestra comunidad sobre el impacto de la pol\u00edtica en nuestras vidas.<\/p><\/div><\/div>\t\t\t\t<\/div>\n\t\t\t\t<\/div>\n\t\t\t\t<div class=\"elementor-element elementor-element-7983422 elementor-position-left elementor-vertical-align-top elementor-widget elementor-widget-image-box\" data-id=\"7983422\" data-element_type=\"widget\" data-e-type=\"widget\" data-widget_type=\"image-box.default\">\n\t\t\t\t<div class=\"elementor-widget-container\">\n\t\t\t\t\t<div class=\"elementor-image-box-wrapper\"><figure class=\"elementor-image-box-img\"><img decoding=\"async\" width=\"400\" height=\"300\" src=\"https:\/\/galeoimpactfund.org\/wp-content\/uploads\/2022\/02\/galeo-impactfund-diversity.jpg\" class=\"attachment-full size-full wp-image-439\" alt=\"\" srcset=\"https:\/\/galeoimpactfund.org\/wp-content\/uploads\/2022\/02\/galeo-impactfund-diversity.jpg 400w, https:\/\/galeoimpactfund.org\/wp-content\/uploads\/2022\/02\/galeo-impactfund-diversity-300x225.jpg 300w\" sizes=\"(max-width: 400px) 100vw, 400px\" \/><\/figure><div class=\"elementor-image-box-content\"><h3 class=\"elementor-image-box-title\">Diversidad<\/h3><p class=\"elementor-image-box-description\">Existe una gran diversidad dentro de nuestra comunidad Latinx. La diversidad que tenemos es una fortaleza y la aceptamos.<\/p><\/div><\/div>\t\t\t\t<\/div>\n\t\t\t\t<\/div>\n\t\t\t\t<div class=\"elementor-element elementor-element-a41b7ac elementor-position-left elementor-vertical-align-top elementor-widget elementor-widget-image-box\" data-id=\"a41b7ac\" data-element_type=\"widget\" data-e-type=\"widget\" data-widget_type=\"image-box.default\">\n\t\t\t\t<div class=\"elementor-widget-container\">\n\t\t\t\t\t<div class=\"elementor-image-box-wrapper\"><figure class=\"elementor-image-box-img\"><img loading=\"lazy\" decoding=\"async\" width=\"400\" height=\"300\" src=\"https:\/\/galeoimpactfund.org\/wp-content\/uploads\/2022\/02\/galeo-impactfund-responsiveness.jpg\" class=\"attachment-full size-full wp-image-450\" alt=\"\" srcset=\"https:\/\/galeoimpactfund.org\/wp-content\/uploads\/2022\/02\/galeo-impactfund-responsiveness.jpg 400w, https:\/\/galeoimpactfund.org\/wp-content\/uploads\/2022\/02\/galeo-impactfund-responsiveness-300x225.jpg 300w\" sizes=\"(max-width: 400px) 100vw, 400px\" \/><\/figure><div class=\"elementor-image-box-content\"><h3 class=\"elementor-image-box-title\">Sensible<\/h3><p class=\"elementor-image-box-description\">Nuestro trabajo responder\u00e1 a las necesidades de nuestra comunidad.<\/p><\/div><\/div>\t\t\t\t<\/div>\n\t\t\t\t<\/div>\n\t\t\t\t<div class=\"elementor-element elementor-element-1fe98be elementor-widget__width-auto elementor-widget elementor-widget-button\" data-id=\"1fe98be\" data-element_type=\"widget\" data-e-type=\"widget\" data-widget_type=\"button.default\">\n\t\t\t\t<div class=\"elementor-widget-container\">\n\t\t\t\t\t\t\t\t\t<div class=\"elementor-button-wrapper\">\n\t\t\t\t\t<a class=\"elementor-button elementor-button-link elementor-size-sm\" href=\"https:\/\/galeoimpactfund.org\/es\/sobre-nosotros\/junta-directiva-de-galeo\/\">\n\t\t\t\t\t\t<span class=\"elementor-button-content-wrapper\">\n\t\t\t\t\t\t\t\t\t<span class=\"elementor-button-text\">Conoce nuestra junta<\/span>\n\t\t\t\t\t<\/span>\n\t\t\t\t\t<\/a>\n\t\t\t\t<\/div>\n\t\t\t\t\t\t\t\t<\/div>\n\t\t\t\t<\/div>\n\t\t\t\t<div class=\"elementor-element elementor-element-1ab0c02 elementor-widget__width-auto elementor-widget elementor-widget-button\" data-id=\"1ab0c02\" data-element_type=\"widget\" data-e-type=\"widget\" data-widget_type=\"button.default\">\n\t\t\t\t<div class=\"elementor-widget-container\">\n\t\t\t\t\t\t\t\t\t<div class=\"elementor-button-wrapper\">\n\t\t\t\t\t<a class=\"elementor-button elementor-button-link elementor-size-sm\" href=\"https:\/\/galeoimpactfund.org\/es\/sobre-nosotros\/personal-de-galeo\/\">\n\t\t\t\t\t\t<span class=\"elementor-button-content-wrapper\">\n\t\t\t\t\t\t\t\t\t<span class=\"elementor-button-text\">Conoce a nuestro personal<\/span>\n\t\t\t\t\t<\/span>\n\t\t\t\t\t<\/a>\n\t\t\t\t<\/div>\n\t\t\t\t\t\t\t\t<\/div>\n\t\t\t\t<\/div>\n\t\t\t\t\t<\/div>\n\t\t<\/div>\n\t\t\t\t\t<\/div>\n\t\t<\/section>\n\t\t\t\t<\/div>\n\t\t","protected":false},"excerpt":{"rendered":"<p>Misi\u00f3n: Trabajamos para ampliar e influir en el poder pol\u00edtico latino en Georgia. Tambi\u00e9n tratamos de elegir y responsabilizar a los responsables pol\u00edticos que se alinean con nuestros valores progresistas. Visi\u00f3n: Georgia es un estado en el que se busca la voz de los latinos y en el que los responsables pol\u00edticos latinos tienen una [&hellip;]<\/p>\n","protected":false},"author":1,"featured_media":0,"parent":0,"menu_order":0,"comment_status":"closed","ping_status":"closed","template":"","meta":{"footnotes":""},"class_list":["post-620","page","type-page","status-publish","hentry"],"jetpack_sharing_enabled":true,"_links":{"self":[{"href":"https:\/\/galeoimpactfund.org\/es\/wp-json\/wp\/v2\/pages\/620","targetHints":{"allow":["GET"]}}],"collection":[{"href":"https:\/\/galeoimpactfund.org\/es\/wp-json\/wp\/v2\/pages"}],"about":[{"href":"https:\/\/galeoimpactfund.org\/es\/wp-json\/wp\/v2\/types\/page"}],"author":[{"embeddable":true,"href":"https:\/\/galeoimpactfund.org\/es\/wp-json\/wp\/v2\/users\/1"}],"replies":[{"embeddable":true,"href":"https:\/\/galeoimpactfund.org\/es\/wp-json\/wp\/v2\/comments?post=620"}],"version-history":[{"count":13,"href":"https:\/\/galeoimpactfund.org\/es\/wp-json\/wp\/v2\/pages\/620\/revisions"}],"predecessor-version":[{"id":3574,"href":"https:\/\/galeoimpactfund.org\/es\/wp-json\/wp\/v2\/pages\/620\/revisions\/3574"}],"wp:attachment":[{"href":"https:\/\/galeoimpactfund.org\/es\/wp-json\/wp\/v2\/media?parent=620"}],"curies":[{"name":"wp","href":"https:\/\/api.w.org\/{rel}","templated":true}]}}