{"id":621,"date":"2022-01-26T20:41:49","date_gmt":"2022-01-26T20:41:49","guid":{"rendered":"https:\/\/galeoimpactfund.org\/endosos\/"},"modified":"2024-02-28T23:10:51","modified_gmt":"2024-02-28T23:10:51","slug":"respaldos","status":"publish","type":"page","link":"https:\/\/galeoimpactfund.org\/es\/respaldos\/","title":{"rendered":"Respaldos"},"content":{"rendered":"\t\t<div data-elementor-type=\"wp-page\" data-elementor-id=\"621\" class=\"elementor elementor-621 elementor-62\" data-elementor-post-type=\"page\">\n\t\t\t\t\t\t<section class=\"elementor-section elementor-top-section elementor-element elementor-element-1ff115d elementor-section-boxed elementor-section-height-default elementor-section-height-default\" data-id=\"1ff115d\" data-element_type=\"section\" data-e-type=\"section\">\n\t\t\t\t\t\t<div class=\"elementor-container elementor-column-gap-default\">\n\t\t\t\t\t<div class=\"elementor-column elementor-col-100 elementor-top-column elementor-element elementor-element-7345e32\" data-id=\"7345e32\" data-element_type=\"column\" data-e-type=\"column\">\n\t\t\t<div class=\"elementor-widget-wrap elementor-element-populated\">\n\t\t\t\t\t\t<div class=\"elementor-element elementor-element-5b7d879 elementor-widget elementor-widget-text-editor\" data-id=\"5b7d879\" data-element_type=\"widget\" data-e-type=\"widget\" data-widget_type=\"text-editor.default\">\n\t\t\t\t<div class=\"elementor-widget-container\">\n\t\t\t\t\t\t\t\t\t<p><span style=\"font-weight: 400;\">El programa de respaldo de candidatos de GALEO Impact Fund eleva a candidatos viables para cargos p\u00fablicos y aumenta la representaci\u00f3n latino-hispana en nuestros cargos p\u00fablicos locales, estatales y nacionales. A trav\u00e9s de nuestro respaldo, los candidatos obtienen exposici\u00f3n, acceso a los recursos del Fondo de Impacto GALEO y una visi\u00f3n significativa de nuestro sistema electoral. El marco de aprobaci\u00f3n de candidatos de GALEO Impact Fund es sencillo. Los candidatos viables cuyos valores se alinean con los nuestros reciben el respaldo despu\u00e9s de completar nuestro cuestionario de evaluaci\u00f3n de candidatos, cumplir con \u00e9xito los criterios de b\u00fasqueda de antecedentes y la aprobaci\u00f3n final de la junta. Para obtener m\u00e1s informaci\u00f3n sobre nuestro programa de respaldo de candidatos, comun\u00edquese con David Garc\u00eda en <a href=\"mailto:dgarcia@galeoimpactfund.org\">dgarcia@galeoimpactfund.org<\/a> . <\/span><\/p>\n\t\t\t\t\t\t\t\t<\/div>\n\t\t\t\t<\/div>\n\t\t\t\t\t<\/div>\n\t\t<\/div>\n\t\t\t\t\t<\/div>\n\t\t<\/section>\n\t\t\t\t<section class=\"elementor-section elementor-top-section elementor-element elementor-element-61c2c30 elementor-section-boxed elementor-section-height-default elementor-section-height-default\" data-id=\"61c2c30\" data-element_type=\"section\" data-e-type=\"section\">\n\t\t\t\t\t\t<div class=\"elementor-container elementor-column-gap-default\">\n\t\t\t\t\t<div class=\"elementor-column elementor-col-100 elementor-top-column elementor-element elementor-element-3e3159b\" data-id=\"3e3159b\" data-element_type=\"column\" data-e-type=\"column\">\n\t\t\t<div class=\"elementor-widget-wrap elementor-element-populated\">\n\t\t\t\t\t\t<div class=\"elementor-element elementor-element-fc837dc elementor-widget elementor-widget-heading\" data-id=\"fc837dc\" data-element_type=\"widget\" data-e-type=\"widget\" data-widget_type=\"heading.default\">\n\t\t\t\t<div class=\"elementor-widget-container\">\n\t\t\t\t\t<h2 class=\"elementor-heading-title elementor-size-default\">federal  <\/h2>\t\t\t\t<\/div>\n\t\t\t\t<\/div>\n\t\t\t\t\t<\/div>\n\t\t<\/div>\n\t\t\t\t\t<\/div>\n\t\t<\/section>\n\t\t\t\t<section class=\"elementor-section elementor-top-section elementor-element elementor-element-6632754 elementor-section-boxed elementor-section-height-default elementor-section-height-default\" data-id=\"6632754\" data-element_type=\"section\" data-e-type=\"section\">\n\t\t\t\t\t\t<div class=\"elementor-container elementor-column-gap-default\">\n\t\t\t\t\t<div class=\"elementor-column elementor-col-100 elementor-top-column elementor-element elementor-element-4db3881\" data-id=\"4db3881\" data-element_type=\"column\" data-e-type=\"column\">\n\t\t\t<div class=\"elementor-widget-wrap elementor-element-populated\">\n\t\t\t\t\t\t<div class=\"elementor-element elementor-element-3a40453 elementor-widget elementor-widget-heading\" data-id=\"3a40453\" data-element_type=\"widget\" data-e-type=\"widget\" data-widget_type=\"heading.default\">\n\t\t\t\t<div class=\"elementor-widget-container\">\n\t\t\t\t\t<h2 class=\"elementor-heading-title elementor-size-default\">LEGISLATURA ESTATAL  <\/h2>\t\t\t\t<\/div>\n\t\t\t\t<\/div>\n\t\t\t\t\t<\/div>\n\t\t<\/div>\n\t\t\t\t\t<\/div>\n\t\t<\/section>\n\t\t\t\t<section class=\"elementor-section elementor-top-section elementor-element elementor-element-898b553 elementor-section-boxed elementor-section-height-default elementor-section-height-default\" data-id=\"898b553\" data-element_type=\"section\" data-e-type=\"section\" data-settings=\"{&quot;background_background&quot;:&quot;classic&quot;}\">\n\t\t\t\t\t\t<div class=\"elementor-container elementor-column-gap-default\">\n\t\t\t\t\t<div class=\"elementor-column elementor-col-100 elementor-top-column elementor-element elementor-element-6074e3c\" data-id=\"6074e3c\" data-element_type=\"column\" data-e-type=\"column\">\n\t\t\t<div class=\"elementor-widget-wrap elementor-element-populated\">\n\t\t\t\t\t\t<div class=\"elementor-element elementor-element-d0b5aa7 elementor-widget__width-auto elementor-view-default elementor-widget elementor-widget-icon\" data-id=\"d0b5aa7\" data-element_type=\"widget\" data-e-type=\"widget\" data-widget_type=\"icon.default\">\n\t\t\t\t<div class=\"elementor-widget-container\">\n\t\t\t\t\t\t\t<div class=\"elementor-icon-wrapper\">\n\t\t\t<div class=\"elementor-icon\">\n\t\t\t<svg aria-hidden=\"true\" class=\"e-font-icon-svg e-fas-vote-yea\" viewBox=\"0 0 640 512\" xmlns=\"http:\/\/www.w3.org\/2000\/svg\"><path d=\"M608 320h-64v64h22.4c5.3 0 9.6 3.6 9.6 8v16c0 4.4-4.3 8-9.6 8H73.6c-5.3 0-9.6-3.6-9.6-8v-16c0-4.4 4.3-8 9.6-8H96v-64H32c-17.7 0-32 14.3-32 32v96c0 17.7 14.3 32 32 32h576c17.7 0 32-14.3 32-32v-96c0-17.7-14.3-32-32-32zm-96 64V64.3c0-17.9-14.5-32.3-32.3-32.3H160.4C142.5 32 128 46.5 128 64.3V384h384zM211.2 202l25.5-25.3c4.2-4.2 11-4.2 15.2.1l41.3 41.6 95.2-94.4c4.2-4.2 11-4.2 15.2.1l25.3 25.5c4.2 4.2 4.2 11-.1 15.2L300.5 292c-4.2 4.2-11 4.2-15.2-.1l-74.1-74.7c-4.3-4.2-4.2-11 0-15.2z\"><\/path><\/svg>\t\t\t<\/div>\n\t\t<\/div>\n\t\t\t\t\t\t<\/div>\n\t\t\t\t<\/div>\n\t\t\t\t<div class=\"elementor-element elementor-element-94493af elementor-widget__width-auto elementor-widget elementor-widget-heading\" data-id=\"94493af\" data-element_type=\"widget\" data-e-type=\"widget\" data-widget_type=\"heading.default\">\n\t\t\t\t<div class=\"elementor-widget-container\">\n\t\t\t\t\t<h3 class=\"elementor-heading-title elementor-size-default\"><a href=\"https:\/\/www.jasonesteves.com\/\" target=\"_blank\">Candidato: Jason Esteves<\/a><\/h3>\t\t\t\t<\/div>\n\t\t\t\t<\/div>\n\t\t\t\t<section class=\"elementor-section elementor-inner-section elementor-element elementor-element-3f605b9 elementor-section-boxed elementor-section-height-default elementor-section-height-default\" data-id=\"3f605b9\" data-element_type=\"section\" data-e-type=\"section\">\n\t\t\t\t\t\t<div class=\"elementor-container elementor-column-gap-default\">\n\t\t\t\t\t<div class=\"elementor-column elementor-col-50 elementor-inner-column elementor-element elementor-element-866d425\" data-id=\"866d425\" data-element_type=\"column\" data-e-type=\"column\">\n\t\t\t<div class=\"elementor-widget-wrap elementor-element-populated\">\n\t\t\t\t\t\t<div class=\"elementor-element elementor-element-52eaf9d elementor-widget elementor-widget-image\" data-id=\"52eaf9d\" data-element_type=\"widget\" data-e-type=\"widget\" data-widget_type=\"image.default\">\n\t\t\t\t<div class=\"elementor-widget-container\">\n\t\t\t\t\t\t\t\t\t\t\t\t\t\t\t\t<a href=\"https:\/\/www.jasonesteves.com\/\" target=\"_blank\">\n\t\t\t\t\t\t\t<img fetchpriority=\"high\" decoding=\"async\" width=\"500\" height=\"420\" src=\"https:\/\/galeoimpactfund.org\/wp-content\/uploads\/2022\/01\/JasonEsteves.jpg\" class=\"attachment-large size-large wp-image-554\" alt=\"\" srcset=\"https:\/\/galeoimpactfund.org\/wp-content\/uploads\/2022\/01\/JasonEsteves.jpg 500w, https:\/\/galeoimpactfund.org\/wp-content\/uploads\/2022\/01\/JasonEsteves-300x252.jpg 300w\" sizes=\"(max-width: 500px) 100vw, 500px\" \/>\t\t\t\t\t\t\t\t<\/a>\n\t\t\t\t\t\t\t\t\t\t\t\t\t\t\t<\/div>\n\t\t\t\t<\/div>\n\t\t\t\t<div class=\"elementor-element elementor-element-ee25b27 elementor-widget elementor-widget-text-editor\" data-id=\"ee25b27\" data-element_type=\"widget\" data-e-type=\"widget\" data-widget_type=\"text-editor.default\">\n\t\t\t\t<div class=\"elementor-widget-container\">\n\t\t\t\t\t\t\t\t\t<p><strong>jason esteves<\/strong><br \/><em>Postul\u00e1ndose para el Distrito 6 del Senado del Estado de Georgia<\/em><\/p>\n\t\t\t\t\t\t\t\t<\/div>\n\t\t\t\t<\/div>\n\t\t\t\t\t<\/div>\n\t\t<\/div>\n\t\t\t\t<div class=\"elementor-column elementor-col-50 elementor-inner-column elementor-element elementor-element-3c10830\" data-id=\"3c10830\" data-element_type=\"column\" data-e-type=\"column\">\n\t\t\t<div class=\"elementor-widget-wrap elementor-element-populated\">\n\t\t\t\t\t\t<div class=\"elementor-element elementor-element-50cb250 elementor-widget elementor-widget-text-editor\" data-id=\"50cb250\" data-element_type=\"widget\" data-e-type=\"widget\" data-widget_type=\"text-editor.default\">\n\t\t\t\t<div class=\"elementor-widget-container\">\n\t\t\t\t\t\t\t\t\t<p>Jason Esteves (D) se postula para el Distrito 6 del Senado del Estado de Georgia. Jason es un representante general y el presidente saliente de la Junta de Educaci\u00f3n de las Escuelas P\u00fablicas de Atlanta. En 2013, se convirti\u00f3 en el primer latino elegido para una junta escolar en Georgia y ha centrado sus esfuerzos en promover la equidad y mejorar las perspectivas financieras del sistema escolar. Jason se desempe\u00f1a como vicepresidente en Equifax Inc., donde lidera el manejo de asuntos regulatorios, mitigaci\u00f3n de riesgos y disputas e investigaciones delicadas para la empresa. <\/p>\n<\/p>\n<p>Las prioridades legislativas de Jason incluyen escuelas p\u00fablicas s\u00f3lidas, atenci\u00f3n m\u00e9dica accesible y asequible, oportunidades econ\u00f3micas, justicia ambiental y la creaci\u00f3n de una Georgia m\u00e1s acogedora e inclusiva.\u2060<\/p>\n\t\t\t\t\t\t\t\t<\/div>\n\t\t\t\t<\/div>\n\t\t\t\t\t<\/div>\n\t\t<\/div>\n\t\t\t\t\t<\/div>\n\t\t<\/section>\n\t\t\t\t\t<\/div>\n\t\t<\/div>\n\t\t\t\t\t<\/div>\n\t\t<\/section>\n\t\t\t\t<section class=\"elementor-section elementor-top-section elementor-element elementor-element-0a3d144 elementor-section-boxed elementor-section-height-default elementor-section-height-default\" data-id=\"0a3d144\" data-element_type=\"section\" data-e-type=\"section\" data-settings=\"{&quot;background_background&quot;:&quot;classic&quot;}\">\n\t\t\t\t\t\t<div class=\"elementor-container elementor-column-gap-default\">\n\t\t\t\t\t<div class=\"elementor-column elementor-col-100 elementor-top-column elementor-element elementor-element-961c227\" data-id=\"961c227\" data-element_type=\"column\" data-e-type=\"column\">\n\t\t\t<div class=\"elementor-widget-wrap elementor-element-populated\">\n\t\t\t\t\t\t<div class=\"elementor-element elementor-element-fd24976 elementor-widget__width-auto elementor-view-default elementor-widget elementor-widget-icon\" data-id=\"fd24976\" data-element_type=\"widget\" data-e-type=\"widget\" data-widget_type=\"icon.default\">\n\t\t\t\t<div class=\"elementor-widget-container\">\n\t\t\t\t\t\t\t<div class=\"elementor-icon-wrapper\">\n\t\t\t<div class=\"elementor-icon\">\n\t\t\t<svg aria-hidden=\"true\" class=\"e-font-icon-svg e-fas-vote-yea\" viewBox=\"0 0 640 512\" xmlns=\"http:\/\/www.w3.org\/2000\/svg\"><path d=\"M608 320h-64v64h22.4c5.3 0 9.6 3.6 9.6 8v16c0 4.4-4.3 8-9.6 8H73.6c-5.3 0-9.6-3.6-9.6-8v-16c0-4.4 4.3-8 9.6-8H96v-64H32c-17.7 0-32 14.3-32 32v96c0 17.7 14.3 32 32 32h576c17.7 0 32-14.3 32-32v-96c0-17.7-14.3-32-32-32zm-96 64V64.3c0-17.9-14.5-32.3-32.3-32.3H160.4C142.5 32 128 46.5 128 64.3V384h384zM211.2 202l25.5-25.3c4.2-4.2 11-4.2 15.2.1l41.3 41.6 95.2-94.4c4.2-4.2 11-4.2 15.2.1l25.3 25.5c4.2 4.2 4.2 11-.1 15.2L300.5 292c-4.2 4.2-11 4.2-15.2-.1l-74.1-74.7c-4.3-4.2-4.2-11 0-15.2z\"><\/path><\/svg>\t\t\t<\/div>\n\t\t<\/div>\n\t\t\t\t\t\t<\/div>\n\t\t\t\t<\/div>\n\t\t\t\t<div class=\"elementor-element elementor-element-9032101 elementor-widget__width-auto elementor-widget elementor-widget-heading\" data-id=\"9032101\" data-element_type=\"widget\" data-e-type=\"widget\" data-widget_type=\"heading.default\">\n\t\t\t\t<div class=\"elementor-widget-container\">\n\t\t\t\t\t<h3 class=\"elementor-heading-title elementor-size-default\"><a href=\"https:\/\/www.philforgeorgia.com\/\" target=\"_blank\">Candidato: Phil Olaleye<\/a><\/h3>\t\t\t\t<\/div>\n\t\t\t\t<\/div>\n\t\t\t\t<section class=\"elementor-section elementor-inner-section elementor-element elementor-element-fb0079f elementor-section-boxed elementor-section-height-default elementor-section-height-default\" data-id=\"fb0079f\" data-element_type=\"section\" data-e-type=\"section\">\n\t\t\t\t\t\t<div class=\"elementor-container elementor-column-gap-default\">\n\t\t\t\t\t<div class=\"elementor-column elementor-col-50 elementor-inner-column elementor-element elementor-element-3999e2a\" data-id=\"3999e2a\" data-element_type=\"column\" data-e-type=\"column\">\n\t\t\t<div class=\"elementor-widget-wrap elementor-element-populated\">\n\t\t\t\t\t\t<div class=\"elementor-element elementor-element-725f376 elementor-widget elementor-widget-image\" data-id=\"725f376\" data-element_type=\"widget\" data-e-type=\"widget\" data-widget_type=\"image.default\">\n\t\t\t\t<div class=\"elementor-widget-container\">\n\t\t\t\t\t\t\t\t\t\t\t\t\t\t\t\t<a href=\"https:\/\/www.philforgeorgia.com\/\" target=\"_blank\">\n\t\t\t\t\t\t\t<img decoding=\"async\" width=\"684\" height=\"684\" src=\"https:\/\/galeoimpactfund.org\/wp-content\/uploads\/2022\/02\/271700401_108195411755170_69317361745336788_n.jpg\" class=\"attachment-large size-large wp-image-578\" alt=\"\" srcset=\"https:\/\/galeoimpactfund.org\/wp-content\/uploads\/2022\/02\/271700401_108195411755170_69317361745336788_n.jpg 684w, https:\/\/galeoimpactfund.org\/wp-content\/uploads\/2022\/02\/271700401_108195411755170_69317361745336788_n-300x300.jpg 300w, https:\/\/galeoimpactfund.org\/wp-content\/uploads\/2022\/02\/271700401_108195411755170_69317361745336788_n-100x100.jpg 100w, https:\/\/galeoimpactfund.org\/wp-content\/uploads\/2022\/02\/271700401_108195411755170_69317361745336788_n-600x600.jpg 600w, https:\/\/galeoimpactfund.org\/wp-content\/uploads\/2022\/02\/271700401_108195411755170_69317361745336788_n-150x150.jpg 150w\" sizes=\"(max-width: 684px) 100vw, 684px\" \/>\t\t\t\t\t\t\t\t<\/a>\n\t\t\t\t\t\t\t\t\t\t\t\t\t\t\t<\/div>\n\t\t\t\t<\/div>\n\t\t\t\t<div class=\"elementor-element elementor-element-888d6b8 elementor-widget elementor-widget-text-editor\" data-id=\"888d6b8\" data-element_type=\"widget\" data-e-type=\"widget\" data-widget_type=\"text-editor.default\">\n\t\t\t\t<div class=\"elementor-widget-container\">\n\t\t\t\t\t\t\t\t\t<strong>Phil Olaleye<\/strong><br>\n<em>Postul\u00e1ndose para el Distrito 59 de la C\u00e1mara de Representantes del Estado de Georgia<\/em>\t\t\t\t\t\t\t\t<\/div>\n\t\t\t\t<\/div>\n\t\t\t\t\t<\/div>\n\t\t<\/div>\n\t\t\t\t<div class=\"elementor-column elementor-col-50 elementor-inner-column elementor-element elementor-element-7154711\" data-id=\"7154711\" data-element_type=\"column\" data-e-type=\"column\">\n\t\t\t<div class=\"elementor-widget-wrap elementor-element-populated\">\n\t\t\t\t\t\t<div class=\"elementor-element elementor-element-74e3fb1 elementor-widget elementor-widget-text-editor\" data-id=\"74e3fb1\" data-element_type=\"widget\" data-e-type=\"widget\" data-widget_type=\"text-editor.default\">\n\t\t\t\t<div class=\"elementor-widget-container\">\n\t\t\t\t\t\t\t\t\t<p>Phil Olaleye (D) se postula para el Distrito 59 de la C\u00e1mara de Representantes del Estado de Georgia. El l\u00edder de la comunidad nigeriano-colombiana es actualmente el Director Ejecutivo de Next Generation Men &amp; Women. Phil tambi\u00e9n se desempe\u00f1\u00f3 como Director de Gesti\u00f3n del Desempe\u00f1o en WorkSource Atlanta y como voluntario para ni\u00f1os, j\u00f3venes y familias del Cuerpo de Paz de EE. UU. en Filipinas. Las prioridades legislativas de Phil incluyen fomentar familias pr\u00f3speras, construir comunidades saludables y fortalecer nuestra democracia. Phil es hijo de inmigrantes de clase trabajadora de Nigeria y Colombia.<\/p>\n<\/p>\n<p>Las prioridades legislativas de Phil incluyen fomentar familias pr\u00f3speras, construir comunidades saludables y fortalecer nuestra democracia.\u2060<\/p>\n\t\t\t\t\t\t\t\t<\/div>\n\t\t\t\t<\/div>\n\t\t\t\t\t<\/div>\n\t\t<\/div>\n\t\t\t\t\t<\/div>\n\t\t<\/section>\n\t\t\t\t\t<\/div>\n\t\t<\/div>\n\t\t\t\t\t<\/div>\n\t\t<\/section>\n\t\t\t\t<\/div>\n\t\t","protected":false},"excerpt":{"rendered":"<p>El programa de respaldo de candidatos de GALEO Impact Fund eleva a candidatos viables para cargos p\u00fablicos y aumenta la representaci\u00f3n latino-hispana en nuestros cargos p\u00fablicos locales, estatales y nacionales. A trav\u00e9s de nuestro respaldo, los candidatos obtienen exposici\u00f3n, acceso a los recursos del Fondo de Impacto GALEO y una visi\u00f3n significativa de nuestro sistema [&hellip;]<\/p>\n","protected":false},"author":1,"featured_media":597,"parent":0,"menu_order":0,"comment_status":"closed","ping_status":"closed","template":"","meta":{"footnotes":""},"class_list":["post-621","page","type-page","status-publish","has-post-thumbnail","hentry"],"jetpack_sharing_enabled":true,"_links":{"self":[{"href":"https:\/\/galeoimpactfund.org\/es\/wp-json\/wp\/v2\/pages\/621","targetHints":{"allow":["GET"]}}],"collection":[{"href":"https:\/\/galeoimpactfund.org\/es\/wp-json\/wp\/v2\/pages"}],"about":[{"href":"https:\/\/galeoimpactfund.org\/es\/wp-json\/wp\/v2\/types\/page"}],"author":[{"embeddable":true,"href":"https:\/\/galeoimpactfund.org\/es\/wp-json\/wp\/v2\/users\/1"}],"replies":[{"embeddable":true,"href":"https:\/\/galeoimpactfund.org\/es\/wp-json\/wp\/v2\/comments?post=621"}],"version-history":[{"count":10,"href":"https:\/\/galeoimpactfund.org\/es\/wp-json\/wp\/v2\/pages\/621\/revisions"}],"predecessor-version":[{"id":3648,"href":"https:\/\/galeoimpactfund.org\/es\/wp-json\/wp\/v2\/pages\/621\/revisions\/3648"}],"wp:featuredmedia":[{"embeddable":true,"href":"https:\/\/galeoimpactfund.org\/es\/wp-json\/wp\/v2\/media\/597"}],"wp:attachment":[{"href":"https:\/\/galeoimpactfund.org\/es\/wp-json\/wp\/v2\/media?parent=621"}],"curies":[{"name":"wp","href":"https:\/\/api.w.org\/{rel}","templated":true}]}}