{"id":640,"date":"2022-02-02T21:39:50","date_gmt":"2022-02-02T21:39:50","guid":{"rendered":"https:\/\/galeoimpactfund.org\/compromiso-juvenil\/"},"modified":"2022-03-11T19:19:52","modified_gmt":"2022-03-11T19:19:52","slug":"compromiso-juvenil","status":"publish","type":"page","link":"https:\/\/galeoimpactfund.org\/es\/las-problematcias\/compromiso-juvenil\/","title":{"rendered":"Compromiso juvenil"},"content":{"rendered":"\t\t<div data-elementor-type=\"wp-page\" data-elementor-id=\"640\" class=\"elementor elementor-640 elementor-170\" data-elementor-post-type=\"page\">\n\t\t\t\t\t\t<section class=\"elementor-section elementor-top-section elementor-element elementor-element-4d6fd10 elementor-section-boxed elementor-section-height-default elementor-section-height-default\" data-id=\"4d6fd10\" data-element_type=\"section\" data-e-type=\"section\">\n\t\t\t\t\t\t<div class=\"elementor-container elementor-column-gap-default\">\n\t\t\t\t\t<div class=\"elementor-column elementor-col-100 elementor-top-column elementor-element elementor-element-8d148f8\" data-id=\"8d148f8\" data-element_type=\"column\" data-e-type=\"column\">\n\t\t\t<div class=\"elementor-widget-wrap elementor-element-populated\">\n\t\t\t\t\t\t<div class=\"elementor-element elementor-element-98d6b6b elementor-widget elementor-widget-text-editor\" data-id=\"98d6b6b\" data-element_type=\"widget\" data-e-type=\"widget\" data-widget_type=\"text-editor.default\">\n\t\t\t\t<div class=\"elementor-widget-container\">\n\t\t\t\t\t\t\t\t\t<p><span style=\"font-weight: 400;\">Los j\u00f3venes latinos enfrentan muchos desaf\u00edos \u00fanicos a medida que ingresan a la educaci\u00f3n superior en el mercado laboral y comienzan a conectarse con sus comunidades m\u00e1s grandes. El Fondo de Impacto GALEO est\u00e1 priorizando el compromiso pol\u00edtico y la educaci\u00f3n de nuestros j\u00f3venes latinos para prepararlos para alcanzar su potencial como l\u00edderes en nuestro estado. Los j\u00f3venes latinxs est\u00e1n listos para crear un cambio, y GALEO Impact Fund est\u00e1 aqu\u00ed como un recurso para ayudarlos a crear ese cambio. <\/span><\/p><p> <\/p><p><span style=\"font-weight: 400;\">Si usted es un joven latino interesado en marcar una diferencia en su comunidad o desea conectarse con otros j\u00f3venes latinos interesados en crear una diferencia en nuestro estado, \u00a1reg\u00edstrese hoy en el<\/span> <a href=\"https:\/\/secure.everyaction.com\/Efrh1PC980ao4RgZzKQwoA2\" target=\"_blank\" rel=\"noopener\"><span style=\"font-weight: 400;\">Proyecto Pueblo Unido<\/span><\/a> <span style=\"font-weight: 400;\">!<\/span><\/p><p style=\"text-align: center;\"><em><strong>\u00bfQu\u00e9 es el Proyecto Pueblo Unido? <\/strong><\/em><\/p><p><span style=\"font-weight: 400;\">El Proyecto Pueblo Unido es una nueva iniciativa para acelerar y apoyar el poder organizativo de la comunidad Latinx en Georgia. Consta de cinco m\u00f3dulos que se desarrollan a lo largo de una semana. Los cinco m\u00f3dulos consisten en conferencias breves y conversaciones grupales facilitadas. Los grupos estar\u00e1n formados por unos 7 participantes. Los m\u00f3dulos cubrir\u00e1n la organizaci\u00f3n de base, el gobierno local, la identidad latinx, el discurso pol\u00edtico y las herramientas para la acci\u00f3n directa. Todos los m\u00f3dulos se llevar\u00e1n a cabo a trav\u00e9s de Zoom. \u00a1Nuestro objetivo es apoyar un proceso de por vida de compromiso c\u00edvico transformador y crear una red de ex alumnos para ayudar a imaginar y crear mejores comunidades en Georgia!<\/span><\/p><p><span style=\"font-weight: 400;\">Puedes inscribirte hoy en el Proyecto El Pueblo Unido<\/span> <a href=\"https:\/\/secure.everyaction.com\/Efrh1PC980ao4RgZzKQwoA2\" target=\"_blank\" rel=\"noopener\"><span style=\"font-weight: 400;\">aqu\u00ed<\/span><\/a><span style=\"font-weight: 400;\">. Si tiene alguna pregunta, env\u00ede un correo electr\u00f3nico a nuestro organizador comunitario Andr\u00e9s Parra a <\/span><a href=\"mailto:aparra@galeoimpactfund.org\"><span style=\"font-weight: 400;\">aparra@galeoimpactfund.org<\/span><\/a><\/p>\t\t\t\t\t\t\t\t<\/div>\n\t\t\t\t<\/div>\n\t\t\t\t<div class=\"elementor-element elementor-element-939d85d elementor-widget elementor-widget-image\" data-id=\"939d85d\" data-element_type=\"widget\" data-e-type=\"widget\" data-widget_type=\"image.default\">\n\t\t\t\t<div class=\"elementor-widget-container\">\n\t\t\t\t\t\t\t\t\t\t\t\t\t\t\t<img fetchpriority=\"high\" decoding=\"async\" width=\"800\" height=\"266\" src=\"https:\/\/galeoimpactfund.org\/wp-content\/uploads\/2022\/03\/El-Pueblo-Unido-Project-Email-Header-1024x341.png\" class=\"attachment-large size-large wp-image-1105\" alt=\"\" srcset=\"https:\/\/galeoimpactfund.org\/wp-content\/uploads\/2022\/03\/El-Pueblo-Unido-Project-Email-Header-1024x341.png 1024w, https:\/\/galeoimpactfund.org\/wp-content\/uploads\/2022\/03\/El-Pueblo-Unido-Project-Email-Header-600x200.png 600w, https:\/\/galeoimpactfund.org\/wp-content\/uploads\/2022\/03\/El-Pueblo-Unido-Project-Email-Header-300x100.png 300w, https:\/\/galeoimpactfund.org\/wp-content\/uploads\/2022\/03\/El-Pueblo-Unido-Project-Email-Header-768x256.png 768w, https:\/\/galeoimpactfund.org\/wp-content\/uploads\/2022\/03\/El-Pueblo-Unido-Project-Email-Header.png 1200w\" sizes=\"(max-width: 800px) 100vw, 800px\" \/>\t\t\t\t\t\t\t\t\t\t\t\t\t\t\t<\/div>\n\t\t\t\t<\/div>\n\t\t\t\t\t<\/div>\n\t\t<\/div>\n\t\t\t\t\t<\/div>\n\t\t<\/section>\n\t\t\t\t<section class=\"elementor-section elementor-top-section elementor-element elementor-element-7fba6b78 elementor-section-boxed elementor-section-height-default elementor-section-height-default\" data-id=\"7fba6b78\" data-element_type=\"section\" data-e-type=\"section\">\n\t\t\t\t\t\t<div class=\"elementor-container elementor-column-gap-default\">\n\t\t\t\t\t<div class=\"elementor-column elementor-col-100 elementor-top-column elementor-element elementor-element-6d2d4dbb\" data-id=\"6d2d4dbb\" data-element_type=\"column\" data-e-type=\"column\">\n\t\t\t<div class=\"elementor-widget-wrap elementor-element-populated\">\n\t\t\t\t\t\t<div class=\"elementor-element elementor-element-94d7e53 elementor-widget elementor-widget-heading\" data-id=\"94d7e53\" data-element_type=\"widget\" data-e-type=\"widget\" data-widget_type=\"heading.default\">\n\t\t\t\t<div class=\"elementor-widget-container\">\n\t\t\t\t\t<h3 class=\"elementor-heading-title elementor-size-default\">CONOZCA M\u00c1S SOBRE LOS PROBLEMAS:<\/h3>\t\t\t\t<\/div>\n\t\t\t\t<\/div>\n\t\t\t\t<section class=\"elementor-section elementor-inner-section elementor-element elementor-element-6f5b3a15 elementor-section-boxed elementor-section-height-default elementor-section-height-default\" data-id=\"6f5b3a15\" data-element_type=\"section\" data-e-type=\"section\">\n\t\t\t\t\t\t<div class=\"elementor-container elementor-column-gap-default\">\n\t\t\t\t\t<div class=\"elementor-column elementor-col-20 elementor-inner-column elementor-element elementor-element-109617c0\" data-id=\"109617c0\" data-element_type=\"column\" data-e-type=\"column\">\n\t\t\t<div class=\"elementor-widget-wrap elementor-element-populated\">\n\t\t\t\t\t\t<div class=\"elementor-element elementor-element-3b75653e elementor-view-default elementor-position-block-start elementor-mobile-position-block-start elementor-widget elementor-widget-icon-box\" data-id=\"3b75653e\" data-element_type=\"widget\" data-e-type=\"widget\" data-widget_type=\"icon-box.default\">\n\t\t\t\t<div class=\"elementor-widget-container\">\n\t\t\t\t\t\t\t<div class=\"elementor-icon-box-wrapper\">\n\n\t\t\t\t\t\t<div class=\"elementor-icon-box-icon\">\n\t\t\t\t<a href=\"https:\/\/galeoimpactfund.org\/es\/los-problemas\/derecho-al-voto\/\" class=\"elementor-icon\" tabindex=\"-1\" aria-label=\"Protecci\u00f3n de los derechos de voto\">\n\t\t\t\t<i aria-hidden=\"true\" class=\"far fa-box-ballot\"><\/i>\t\t\t\t<\/a>\n\t\t\t<\/div>\n\t\t\t\n\t\t\t\t\t\t<div class=\"elementor-icon-box-content\">\n\n\t\t\t\t\t\t\t\t\t<h4 class=\"elementor-icon-box-title\">\n\t\t\t\t\t\t<a href=\"https:\/\/galeoimpactfund.org\/es\/los-problemas\/derecho-al-voto\/\" >\n\t\t\t\t\t\t\tProtecci\u00f3n de los derechos de voto\t\t\t\t\t\t<\/a>\n\t\t\t\t\t<\/h4>\n\t\t\t\t\n\t\t\t\t\n\t\t\t<\/div>\n\t\t\t\n\t\t<\/div>\n\t\t\t\t\t\t<\/div>\n\t\t\t\t<\/div>\n\t\t\t\t\t<\/div>\n\t\t<\/div>\n\t\t\t\t<div class=\"elementor-column elementor-col-20 elementor-inner-column elementor-element elementor-element-15a99c1c\" data-id=\"15a99c1c\" data-element_type=\"column\" data-e-type=\"column\">\n\t\t\t<div class=\"elementor-widget-wrap elementor-element-populated\">\n\t\t\t\t\t\t<div class=\"elementor-element elementor-element-5971de72 elementor-view-default elementor-position-block-start elementor-mobile-position-block-start elementor-widget elementor-widget-icon-box\" data-id=\"5971de72\" data-element_type=\"widget\" data-e-type=\"widget\" data-widget_type=\"icon-box.default\">\n\t\t\t\t<div class=\"elementor-widget-container\">\n\t\t\t\t\t\t\t<div class=\"elementor-icon-box-wrapper\">\n\n\t\t\t\t\t\t<div class=\"elementor-icon-box-icon\">\n\t\t\t\t<a href=\"https:\/\/galeoimpactfund.org\/es\/los-problemas\/reforma-inmigratoria\/\" class=\"elementor-icon\" tabindex=\"-1\" aria-label=\"Reforma inmigratoria\">\n\t\t\t\t<i aria-hidden=\"true\" class=\"far fa-passport\"><\/i>\t\t\t\t<\/a>\n\t\t\t<\/div>\n\t\t\t\n\t\t\t\t\t\t<div class=\"elementor-icon-box-content\">\n\n\t\t\t\t\t\t\t\t\t<h4 class=\"elementor-icon-box-title\">\n\t\t\t\t\t\t<a href=\"https:\/\/galeoimpactfund.org\/es\/los-problemas\/reforma-inmigratoria\/\" >\n\t\t\t\t\t\t\tReforma inmigratoria\t\t\t\t\t\t<\/a>\n\t\t\t\t\t<\/h4>\n\t\t\t\t\n\t\t\t\t\n\t\t\t<\/div>\n\t\t\t\n\t\t<\/div>\n\t\t\t\t\t\t<\/div>\n\t\t\t\t<\/div>\n\t\t\t\t\t<\/div>\n\t\t<\/div>\n\t\t\t\t<div class=\"elementor-column elementor-col-20 elementor-inner-column elementor-element elementor-element-6d93eb59\" data-id=\"6d93eb59\" data-element_type=\"column\" data-e-type=\"column\">\n\t\t\t<div class=\"elementor-widget-wrap elementor-element-populated\">\n\t\t\t\t\t\t<div class=\"elementor-element elementor-element-19462bbb elementor-view-default elementor-position-block-start elementor-mobile-position-block-start elementor-widget elementor-widget-icon-box\" data-id=\"19462bbb\" data-element_type=\"widget\" data-e-type=\"widget\" data-widget_type=\"icon-box.default\">\n\t\t\t\t<div class=\"elementor-widget-container\">\n\t\t\t\t\t\t\t<div class=\"elementor-icon-box-wrapper\">\n\n\t\t\t\t\t\t<div class=\"elementor-icon-box-icon\">\n\t\t\t\t<a href=\"https:\/\/galeoimpactfund.org\/es\/los-problemas\/la-justicia-ambiental\/\" class=\"elementor-icon\" tabindex=\"-1\" aria-label=\"La justicia ambiental\">\n\t\t\t\t<i aria-hidden=\"true\" class=\"far fa-leaf\"><\/i>\t\t\t\t<\/a>\n\t\t\t<\/div>\n\t\t\t\n\t\t\t\t\t\t<div class=\"elementor-icon-box-content\">\n\n\t\t\t\t\t\t\t\t\t<h4 class=\"elementor-icon-box-title\">\n\t\t\t\t\t\t<a href=\"https:\/\/galeoimpactfund.org\/es\/los-problemas\/la-justicia-ambiental\/\" >\n\t\t\t\t\t\t\tLa justicia ambiental\t\t\t\t\t\t<\/a>\n\t\t\t\t\t<\/h4>\n\t\t\t\t\n\t\t\t\t\n\t\t\t<\/div>\n\t\t\t\n\t\t<\/div>\n\t\t\t\t\t\t<\/div>\n\t\t\t\t<\/div>\n\t\t\t\t\t<\/div>\n\t\t<\/div>\n\t\t\t\t<div class=\"elementor-column elementor-col-20 elementor-inner-column elementor-element elementor-element-6b849c8\" data-id=\"6b849c8\" data-element_type=\"column\" data-e-type=\"column\">\n\t\t\t<div class=\"elementor-widget-wrap elementor-element-populated\">\n\t\t\t\t\t\t<div class=\"elementor-element elementor-element-22096476 elementor-view-default elementor-position-block-start elementor-mobile-position-block-start elementor-widget elementor-widget-icon-box\" data-id=\"22096476\" data-element_type=\"widget\" data-e-type=\"widget\" data-widget_type=\"icon-box.default\">\n\t\t\t\t<div class=\"elementor-widget-container\">\n\t\t\t\t\t\t\t<div class=\"elementor-icon-box-wrapper\">\n\n\t\t\t\t\t\t<div class=\"elementor-icon-box-icon\">\n\t\t\t\t<a href=\"https:\/\/galeoimpactfund.org\/es\/los-problemas\/compromiso-juvenil\/\" class=\"elementor-icon\" tabindex=\"-1\" aria-label=\"Compromiso juvenil\">\n\t\t\t\t<i aria-hidden=\"true\" class=\"far fa-person-sign\"><\/i>\t\t\t\t<\/a>\n\t\t\t<\/div>\n\t\t\t\n\t\t\t\t\t\t<div class=\"elementor-icon-box-content\">\n\n\t\t\t\t\t\t\t\t\t<h4 class=\"elementor-icon-box-title\">\n\t\t\t\t\t\t<a href=\"https:\/\/galeoimpactfund.org\/es\/los-problemas\/compromiso-juvenil\/\" >\n\t\t\t\t\t\t\tCompromiso juvenil\t\t\t\t\t\t<\/a>\n\t\t\t\t\t<\/h4>\n\t\t\t\t\n\t\t\t\t\n\t\t\t<\/div>\n\t\t\t\n\t\t<\/div>\n\t\t\t\t\t\t<\/div>\n\t\t\t\t<\/div>\n\t\t\t\t\t<\/div>\n\t\t<\/div>\n\t\t\t\t<div class=\"elementor-column elementor-col-20 elementor-inner-column elementor-element elementor-element-36a23fdd\" data-id=\"36a23fdd\" data-element_type=\"column\" data-e-type=\"column\">\n\t\t\t<div class=\"elementor-widget-wrap elementor-element-populated\">\n\t\t\t\t\t\t<div class=\"elementor-element elementor-element-424ee67d elementor-view-default elementor-position-block-start elementor-mobile-position-block-start elementor-widget elementor-widget-icon-box\" data-id=\"424ee67d\" data-element_type=\"widget\" data-e-type=\"widget\" data-widget_type=\"icon-box.default\">\n\t\t\t\t<div class=\"elementor-widget-container\">\n\t\t\t\t\t\t\t<div class=\"elementor-icon-box-wrapper\">\n\n\t\t\t\t\t\t<div class=\"elementor-icon-box-icon\">\n\t\t\t\t<a href=\"https:\/\/galeoimpactfund.org\/es\/los-problemas\/necesidades-de-transporte\/\" class=\"elementor-icon\" tabindex=\"-1\" aria-label=\"Reconstruir mejor\">\n\t\t\t\t<i aria-hidden=\"true\" class=\"far fa-car-building\"><\/i>\t\t\t\t<\/a>\n\t\t\t<\/div>\n\t\t\t\n\t\t\t\t\t\t<div class=\"elementor-icon-box-content\">\n\n\t\t\t\t\t\t\t\t\t<h4 class=\"elementor-icon-box-title\">\n\t\t\t\t\t\t<a href=\"https:\/\/galeoimpactfund.org\/es\/los-problemas\/necesidades-de-transporte\/\" >\n\t\t\t\t\t\t\tReconstruir mejor\t\t\t\t\t\t<\/a>\n\t\t\t\t\t<\/h4>\n\t\t\t\t\n\t\t\t\t\n\t\t\t<\/div>\n\t\t\t\n\t\t<\/div>\n\t\t\t\t\t\t<\/div>\n\t\t\t\t<\/div>\n\t\t\t\t\t<\/div>\n\t\t<\/div>\n\t\t\t\t\t<\/div>\n\t\t<\/section>\n\t\t\t\t\t<\/div>\n\t\t<\/div>\n\t\t\t\t\t<\/div>\n\t\t<\/section>\n\t\t\t\t<\/div>\n\t\t","protected":false},"excerpt":{"rendered":"<p>Los j\u00f3venes latinos enfrentan muchos desaf\u00edos \u00fanicos a medida que ingresan a la educaci\u00f3n superior en el mercado laboral y comienzan a conectarse con sus comunidades m\u00e1s grandes. El Fondo de Impacto GALEO est\u00e1 priorizando el compromiso pol\u00edtico y la educaci\u00f3n de nuestros j\u00f3venes latinos para prepararlos para alcanzar su potencial como l\u00edderes en nuestro [&hellip;]<\/p>\n","protected":false},"author":1,"featured_media":595,"parent":642,"menu_order":0,"comment_status":"closed","ping_status":"closed","template":"","meta":{"footnotes":""},"class_list":["post-640","page","type-page","status-publish","has-post-thumbnail","hentry"],"jetpack_sharing_enabled":true,"_links":{"self":[{"href":"https:\/\/galeoimpactfund.org\/es\/wp-json\/wp\/v2\/pages\/640","targetHints":{"allow":["GET"]}}],"collection":[{"href":"https:\/\/galeoimpactfund.org\/es\/wp-json\/wp\/v2\/pages"}],"about":[{"href":"https:\/\/galeoimpactfund.org\/es\/wp-json\/wp\/v2\/types\/page"}],"author":[{"embeddable":true,"href":"https:\/\/galeoimpactfund.org\/es\/wp-json\/wp\/v2\/users\/1"}],"replies":[{"embeddable":true,"href":"https:\/\/galeoimpactfund.org\/es\/wp-json\/wp\/v2\/comments?post=640"}],"version-history":[{"count":6,"href":"https:\/\/galeoimpactfund.org\/es\/wp-json\/wp\/v2\/pages\/640\/revisions"}],"predecessor-version":[{"id":1109,"href":"https:\/\/galeoimpactfund.org\/es\/wp-json\/wp\/v2\/pages\/640\/revisions\/1109"}],"up":[{"embeddable":true,"href":"https:\/\/galeoimpactfund.org\/es\/wp-json\/wp\/v2\/pages\/642"}],"wp:featuredmedia":[{"embeddable":true,"href":"https:\/\/galeoimpactfund.org\/es\/wp-json\/wp\/v2\/media\/595"}],"wp:attachment":[{"href":"https:\/\/galeoimpactfund.org\/es\/wp-json\/wp\/v2\/media?parent=640"}],"curies":[{"name":"wp","href":"https:\/\/api.w.org\/{rel}","templated":true}]}}