{"id":642,"date":"2022-01-26T20:41:38","date_gmt":"2022-01-26T20:41:38","guid":{"rendered":"https:\/\/galeoimpactfund.org\/los-problemas\/"},"modified":"2024-02-28T23:11:10","modified_gmt":"2024-02-28T23:11:10","slug":"las-problematcias","status":"publish","type":"page","link":"https:\/\/galeoimpactfund.org\/es\/las-problematcias\/","title":{"rendered":"Las problem\u00e1ticas"},"content":{"rendered":"\t\t<div data-elementor-type=\"wp-page\" data-elementor-id=\"642\" class=\"elementor elementor-642 elementor-58\" data-elementor-post-type=\"page\">\n\t\t\t\t\t\t<section class=\"elementor-section elementor-top-section elementor-element elementor-element-8d3a70b elementor-section-boxed elementor-section-height-default elementor-section-height-default\" data-id=\"8d3a70b\" data-element_type=\"section\" data-e-type=\"section\">\n\t\t\t\t\t\t<div class=\"elementor-container elementor-column-gap-default\">\n\t\t\t\t\t<div class=\"elementor-column elementor-col-100 elementor-top-column elementor-element elementor-element-6be139d\" data-id=\"6be139d\" data-element_type=\"column\" data-e-type=\"column\">\n\t\t\t<div class=\"elementor-widget-wrap elementor-element-populated\">\n\t\t\t\t\t\t<div class=\"elementor-element elementor-element-5586996 elementor-widget elementor-widget-text-editor\" data-id=\"5586996\" data-element_type=\"widget\" data-e-type=\"widget\" data-widget_type=\"text-editor.default\">\n\t\t\t\t<div class=\"elementor-widget-container\">\n\t\t\t\t\t\t\t\t\t<p>El Fondo de Impacto GALEO se enorgullece de su trabajo de base y su estructura receptiva para apoyar el trabajo de nuestra comunidad para lograr un cambio pol\u00edtico real en nuestro estado. La comunidad Latinx de Georgia es diversa y le apasiona una amplia variedad de temas legislativos que afectan nuestras vidas directamente.<\/p>\t\t\t\t\t\t\t\t<\/div>\n\t\t\t\t<\/div>\n\t\t\t\t<div class=\"elementor-element elementor-element-c0d0116 elementor-position-inline-start elementor-view-default elementor-mobile-position-block-start elementor-widget elementor-widget-icon-box\" data-id=\"c0d0116\" data-element_type=\"widget\" data-e-type=\"widget\" data-widget_type=\"icon-box.default\">\n\t\t\t\t<div class=\"elementor-widget-container\">\n\t\t\t\t\t\t\t<div class=\"elementor-icon-box-wrapper\">\n\n\t\t\t\t\t\t<div class=\"elementor-icon-box-icon\">\n\t\t\t\t<a href=\"https:\/\/galeoimpactfund.org\/es\/los-problemas\/derecho-al-voto\/\" class=\"elementor-icon\" tabindex=\"-1\" aria-label=\"Derecho al voto\">\n\t\t\t\t<i aria-hidden=\"true\" class=\"far fa-box-ballot\"><\/i>\t\t\t\t<\/a>\n\t\t\t<\/div>\n\t\t\t\n\t\t\t\t\t\t<div class=\"elementor-icon-box-content\">\n\n\t\t\t\t\t\t\t\t\t<h3 class=\"elementor-icon-box-title\">\n\t\t\t\t\t\t<a href=\"https:\/\/galeoimpactfund.org\/es\/los-problemas\/derecho-al-voto\/\" >\n\t\t\t\t\t\t\tDerecho al voto\t\t\t\t\t\t<\/a>\n\t\t\t\t\t<\/h3>\n\t\t\t\t\n\t\t\t\t\t\t\t\t\t<p class=\"elementor-icon-box-description\">\n\t\t\t\t\t\tLa ra\u00edz de nuestro poder pol\u00edtico est\u00e1 en las urnas. Georgia es tanto la cuna del movimiento de derechos civiles como el epicentro de un esfuerzo concertado para socavar nuestro derecho fundamental a participar en elecciones libres y justas. A medida que las poblaciones de votantes elegibles latinos y minoritarios del estado contin\u00faan creciendo, podemos esperar esfuerzos continuos para disminuir nuestros logros pol\u00edticos logrados en los \u00faltimos a\u00f1os. El GALEO Impact Fund apoya los derechos de voto universales e igualitarios.\t\t\t\t\t<\/p>\n\t\t\t\t\n\t\t\t<\/div>\n\t\t\t\n\t\t<\/div>\n\t\t\t\t\t\t<\/div>\n\t\t\t\t<\/div>\n\t\t\t\t<div class=\"elementor-element elementor-element-77f8383 elementor-widget elementor-widget-button\" data-id=\"77f8383\" data-element_type=\"widget\" data-e-type=\"widget\" data-widget_type=\"button.default\">\n\t\t\t\t<div class=\"elementor-widget-container\">\n\t\t\t\t\t\t\t\t\t<div class=\"elementor-button-wrapper\">\n\t\t\t\t\t<a class=\"elementor-button elementor-button-link elementor-size-xs\" href=\"https:\/\/galeoimpactfund.org\/es\/los-problemas\/derecho-al-voto\/\">\n\t\t\t\t\t\t<span class=\"elementor-button-content-wrapper\">\n\t\t\t\t\t\t\t\t\t<span class=\"elementor-button-text\">APRENDE M\u00c1S<\/span>\n\t\t\t\t\t<\/span>\n\t\t\t\t\t<\/a>\n\t\t\t\t<\/div>\n\t\t\t\t\t\t\t\t<\/div>\n\t\t\t\t<\/div>\n\t\t\t\t<div class=\"elementor-element elementor-element-a955663 elementor-position-inline-start elementor-view-default elementor-mobile-position-block-start elementor-widget elementor-widget-icon-box\" data-id=\"a955663\" data-element_type=\"widget\" data-e-type=\"widget\" data-widget_type=\"icon-box.default\">\n\t\t\t\t<div class=\"elementor-widget-container\">\n\t\t\t\t\t\t\t<div class=\"elementor-icon-box-wrapper\">\n\n\t\t\t\t\t\t<div class=\"elementor-icon-box-icon\">\n\t\t\t\t<a href=\"https:\/\/galeoimpactfund.org\/es\/los-problemas\/reforma-inmigratoria\/\" class=\"elementor-icon\" tabindex=\"-1\" aria-label=\"Derechos de inmigraci\u00f3n\">\n\t\t\t\t<i aria-hidden=\"true\" class=\"far fa-passport\"><\/i>\t\t\t\t<\/a>\n\t\t\t<\/div>\n\t\t\t\n\t\t\t\t\t\t<div class=\"elementor-icon-box-content\">\n\n\t\t\t\t\t\t\t\t\t<h3 class=\"elementor-icon-box-title\">\n\t\t\t\t\t\t<a href=\"https:\/\/galeoimpactfund.org\/es\/los-problemas\/reforma-inmigratoria\/\" >\n\t\t\t\t\t\t\tDerechos de inmigraci\u00f3n\t\t\t\t\t\t<\/a>\n\t\t\t\t\t<\/h3>\n\t\t\t\t\n\t\t\t\t\t\t\t\t\t<p class=\"elementor-icon-box-description\">\n\t\t\t\t\t\tLos inmigrantes enriquecen nuestro estado cuando se les permite participar plenamente en la vida c\u00edvica. Las pol\u00edticas que criminalizan a inmigrantes y refugiados son inhumanas y no representan los ideales de nuestra naci\u00f3n. El Fondo de Impacto GALEO apoya pol\u00edticas que permiten que todos los inmigrantes prosperen y cumplan sus metas y sue\u00f1os.\t\t\t\t\t<\/p>\n\t\t\t\t\n\t\t\t<\/div>\n\t\t\t\n\t\t<\/div>\n\t\t\t\t\t\t<\/div>\n\t\t\t\t<\/div>\n\t\t\t\t<div class=\"elementor-element elementor-element-18d9bff elementor-widget elementor-widget-button\" data-id=\"18d9bff\" data-element_type=\"widget\" data-e-type=\"widget\" data-widget_type=\"button.default\">\n\t\t\t\t<div class=\"elementor-widget-container\">\n\t\t\t\t\t\t\t\t\t<div class=\"elementor-button-wrapper\">\n\t\t\t\t\t<a class=\"elementor-button elementor-button-link elementor-size-xs\" href=\"https:\/\/galeoimpactfund.org\/es\/los-problemas\/reforma-inmigratoria\/\">\n\t\t\t\t\t\t<span class=\"elementor-button-content-wrapper\">\n\t\t\t\t\t\t\t\t\t<span class=\"elementor-button-text\">APRENDE M\u00c1S<\/span>\n\t\t\t\t\t<\/span>\n\t\t\t\t\t<\/a>\n\t\t\t\t<\/div>\n\t\t\t\t\t\t\t\t<\/div>\n\t\t\t\t<\/div>\n\t\t\t\t<div class=\"elementor-element elementor-element-ac0dca7 elementor-position-inline-start elementor-view-default elementor-mobile-position-block-start elementor-widget elementor-widget-icon-box\" data-id=\"ac0dca7\" data-element_type=\"widget\" data-e-type=\"widget\" data-widget_type=\"icon-box.default\">\n\t\t\t\t<div class=\"elementor-widget-container\">\n\t\t\t\t\t\t\t<div class=\"elementor-icon-box-wrapper\">\n\n\t\t\t\t\t\t<div class=\"elementor-icon-box-icon\">\n\t\t\t\t<a href=\"https:\/\/galeoimpactfund.org\/es\/los-problemas\/la-justicia-ambiental\/\" class=\"elementor-icon\" tabindex=\"-1\" aria-label=\"La justicia ambiental\">\n\t\t\t\t<i aria-hidden=\"true\" class=\"far fa-leaf\"><\/i>\t\t\t\t<\/a>\n\t\t\t<\/div>\n\t\t\t\n\t\t\t\t\t\t<div class=\"elementor-icon-box-content\">\n\n\t\t\t\t\t\t\t\t\t<h3 class=\"elementor-icon-box-title\">\n\t\t\t\t\t\t<a href=\"https:\/\/galeoimpactfund.org\/es\/los-problemas\/la-justicia-ambiental\/\" >\n\t\t\t\t\t\t\tLa justicia ambiental\t\t\t\t\t\t<\/a>\n\t\t\t\t\t<\/h3>\n\t\t\t\t\n\t\t\t\t\t\t\t\t\t<p class=\"elementor-icon-box-description\">\n\t\t\t\t\t\tLas dr\u00e1sticas consecuencias del cambio clim\u00e1tico y la contaminaci\u00f3n afectan todas las \u00e1reas de nuestras vidas y solo empeorar\u00e1n si no se toman medidas dr\u00e1sticas. Estas consecuencias las sienten desproporcionadamente las comunidades de color y las comunidades de bajos ingresos. El Fondo de Impacto GALEO apoya pol\u00edticas que abordan sistem\u00e1ticamente el cambio clim\u00e1tico al enfocarse en los contaminadores corporativos e industriales. \t\t\t\t\t<\/p>\n\t\t\t\t\n\t\t\t<\/div>\n\t\t\t\n\t\t<\/div>\n\t\t\t\t\t\t<\/div>\n\t\t\t\t<\/div>\n\t\t\t\t<div class=\"elementor-element elementor-element-edfe75f elementor-widget elementor-widget-button\" data-id=\"edfe75f\" data-element_type=\"widget\" data-e-type=\"widget\" data-widget_type=\"button.default\">\n\t\t\t\t<div class=\"elementor-widget-container\">\n\t\t\t\t\t\t\t\t\t<div class=\"elementor-button-wrapper\">\n\t\t\t\t\t<a class=\"elementor-button elementor-button-link elementor-size-xs\" href=\"https:\/\/galeoimpactfund.org\/es\/los-problemas\/la-justicia-ambiental\/\">\n\t\t\t\t\t\t<span class=\"elementor-button-content-wrapper\">\n\t\t\t\t\t\t\t\t\t<span class=\"elementor-button-text\">APRENDE M\u00c1S<\/span>\n\t\t\t\t\t<\/span>\n\t\t\t\t\t<\/a>\n\t\t\t\t<\/div>\n\t\t\t\t\t\t\t\t<\/div>\n\t\t\t\t<\/div>\n\t\t\t\t<div class=\"elementor-element elementor-element-0476efb elementor-position-inline-start elementor-view-default elementor-mobile-position-block-start elementor-widget elementor-widget-icon-box\" data-id=\"0476efb\" data-element_type=\"widget\" data-e-type=\"widget\" data-widget_type=\"icon-box.default\">\n\t\t\t\t<div class=\"elementor-widget-container\">\n\t\t\t\t\t\t\t<div class=\"elementor-icon-box-wrapper\">\n\n\t\t\t\t\t\t<div class=\"elementor-icon-box-icon\">\n\t\t\t\t<a href=\"https:\/\/galeoimpactfund.org\/es\/los-problemas\/compromiso-juvenil\/\" class=\"elementor-icon\" tabindex=\"-1\" aria-label=\"Compromiso juvenil\">\n\t\t\t\t<i aria-hidden=\"true\" class=\"far fa-person-sign\"><\/i>\t\t\t\t<\/a>\n\t\t\t<\/div>\n\t\t\t\n\t\t\t\t\t\t<div class=\"elementor-icon-box-content\">\n\n\t\t\t\t\t\t\t\t\t<h3 class=\"elementor-icon-box-title\">\n\t\t\t\t\t\t<a href=\"https:\/\/galeoimpactfund.org\/es\/los-problemas\/compromiso-juvenil\/\" >\n\t\t\t\t\t\t\tCompromiso juvenil\t\t\t\t\t\t<\/a>\n\t\t\t\t\t<\/h3>\n\t\t\t\t\n\t\t\t\t\t\t\t\t\t<p class=\"elementor-icon-box-description\">\n\t\t\t\t\t\tLos j\u00f3venes latinos enfrentan muchos desaf\u00edos \u00fanicos a medida que ingresan a la educaci\u00f3n superior en el mercado laboral y comienzan a conectarse con sus comunidades m\u00e1s grandes. El Fondo de Impacto GALEO est\u00e1 priorizando el compromiso pol\u00edtico y la educaci\u00f3n de nuestros j\u00f3venes latinos para prepararlos para alcanzar su potencial como l\u00edderes en nuestro estado. Los j\u00f3venes latinxs est\u00e1n listos para crear un cambio, y GALEO Impact Fund est\u00e1 aqu\u00ed como un recurso para ayudarlos a crear ese cambio. \t\t\t\t\t<\/p>\n\t\t\t\t\n\t\t\t<\/div>\n\t\t\t\n\t\t<\/div>\n\t\t\t\t\t\t<\/div>\n\t\t\t\t<\/div>\n\t\t\t\t<div class=\"elementor-element elementor-element-42fb101 elementor-widget elementor-widget-button\" data-id=\"42fb101\" data-element_type=\"widget\" data-e-type=\"widget\" data-widget_type=\"button.default\">\n\t\t\t\t<div class=\"elementor-widget-container\">\n\t\t\t\t\t\t\t\t\t<div class=\"elementor-button-wrapper\">\n\t\t\t\t\t<a class=\"elementor-button elementor-button-link elementor-size-xs\" href=\"https:\/\/galeoimpactfund.org\/es\/los-problemas\/compromiso-juvenil\/\">\n\t\t\t\t\t\t<span class=\"elementor-button-content-wrapper\">\n\t\t\t\t\t\t\t\t\t<span class=\"elementor-button-text\">APRENDE M\u00c1S<\/span>\n\t\t\t\t\t<\/span>\n\t\t\t\t\t<\/a>\n\t\t\t\t<\/div>\n\t\t\t\t\t\t\t\t<\/div>\n\t\t\t\t<\/div>\n\t\t\t\t<div class=\"elementor-element elementor-element-c05bec7 elementor-position-inline-start elementor-view-default elementor-mobile-position-block-start elementor-widget elementor-widget-icon-box\" data-id=\"c05bec7\" data-element_type=\"widget\" data-e-type=\"widget\" data-widget_type=\"icon-box.default\">\n\t\t\t\t<div class=\"elementor-widget-container\">\n\t\t\t\t\t\t\t<div class=\"elementor-icon-box-wrapper\">\n\n\t\t\t\t\t\t<div class=\"elementor-icon-box-icon\">\n\t\t\t\t<a href=\"http:\/\/Reconstruir%20mejor\" class=\"elementor-icon\" tabindex=\"-1\" aria-label=\"Reconstruir mejor\">\n\t\t\t\t<i aria-hidden=\"true\" class=\"far fa-car-building\"><\/i>\t\t\t\t<\/a>\n\t\t\t<\/div>\n\t\t\t\n\t\t\t\t\t\t<div class=\"elementor-icon-box-content\">\n\n\t\t\t\t\t\t\t\t\t<h3 class=\"elementor-icon-box-title\">\n\t\t\t\t\t\t<a href=\"http:\/\/Reconstruir%20mejor\" >\n\t\t\t\t\t\t\tReconstruir mejor\t\t\t\t\t\t<\/a>\n\t\t\t\t\t<\/h3>\n\t\t\t\t\n\t\t\t\t\t\t\t\t\t<p class=\"elementor-icon-box-description\">\n\t\t\t\t\t\tLa Ley Build Back Together realiza inversiones transformadoras en comunidades latinas y minoritarias en todo el pa\u00eds. Podemos esperar mejoras significativas en educaci\u00f3n, infraestructura, cambio clim\u00e1tico e inmigraci\u00f3n que beneficiar\u00e1n a nuestras comunidades para las generaciones venideras. Es fundamental abogar por la Ley Build Back Better y garantizar que se prioricen los intereses de nuestras comunidades a lo largo de su implementaci\u00f3n. \t\t\t\t\t<\/p>\n\t\t\t\t\n\t\t\t<\/div>\n\t\t\t\n\t\t<\/div>\n\t\t\t\t\t\t<\/div>\n\t\t\t\t<\/div>\n\t\t\t\t<div class=\"elementor-element elementor-element-1541773 elementor-widget elementor-widget-button\" data-id=\"1541773\" data-element_type=\"widget\" data-e-type=\"widget\" data-widget_type=\"button.default\">\n\t\t\t\t<div class=\"elementor-widget-container\">\n\t\t\t\t\t\t\t\t\t<div class=\"elementor-button-wrapper\">\n\t\t\t\t\t<a class=\"elementor-button elementor-button-link elementor-size-xs\" href=\"https:\/\/galeoimpactfund.org\/es\/los-problemas\/necesidades-de-transporte\/\">\n\t\t\t\t\t\t<span class=\"elementor-button-content-wrapper\">\n\t\t\t\t\t\t\t\t\t<span class=\"elementor-button-text\">APRENDE M\u00c1S<\/span>\n\t\t\t\t\t<\/span>\n\t\t\t\t\t<\/a>\n\t\t\t\t<\/div>\n\t\t\t\t\t\t\t\t<\/div>\n\t\t\t\t<\/div>\n\t\t\t\t\t<\/div>\n\t\t<\/div>\n\t\t\t\t\t<\/div>\n\t\t<\/section>\n\t\t\t\t<section class=\"elementor-section elementor-top-section elementor-element elementor-element-6db618a elementor-section-boxed elementor-section-height-default elementor-section-height-default\" data-id=\"6db618a\" data-element_type=\"section\" data-e-type=\"section\">\n\t\t\t\t\t\t<div class=\"elementor-container elementor-column-gap-default\">\n\t\t\t\t\t<div class=\"elementor-column elementor-col-100 elementor-top-column elementor-element elementor-element-323fea1\" data-id=\"323fea1\" data-element_type=\"column\" data-e-type=\"column\">\n\t\t\t<div class=\"elementor-widget-wrap elementor-element-populated\">\n\t\t\t\t\t\t<div class=\"elementor-element elementor-element-82807bc elementor-widget elementor-widget-heading\" data-id=\"82807bc\" data-element_type=\"widget\" data-e-type=\"widget\" data-widget_type=\"heading.default\">\n\t\t\t\t<div class=\"elementor-widget-container\">\n\t\t\t\t\t<h3 class=\"elementor-heading-title elementor-size-default\">CONOZCA M\u00c1S SOBRE LOS PROBLEMAS:<\/h3>\t\t\t\t<\/div>\n\t\t\t\t<\/div>\n\t\t\t\t<section class=\"elementor-section elementor-inner-section elementor-element elementor-element-7616957 elementor-section-boxed elementor-section-height-default elementor-section-height-default\" data-id=\"7616957\" data-element_type=\"section\" data-e-type=\"section\">\n\t\t\t\t\t\t<div class=\"elementor-container elementor-column-gap-default\">\n\t\t\t\t\t<div class=\"elementor-column elementor-col-20 elementor-inner-column elementor-element elementor-element-bd1548f\" data-id=\"bd1548f\" data-element_type=\"column\" data-e-type=\"column\">\n\t\t\t<div class=\"elementor-widget-wrap elementor-element-populated\">\n\t\t\t\t\t\t<div class=\"elementor-element elementor-element-db95803 elementor-view-default elementor-position-block-start elementor-mobile-position-block-start elementor-widget elementor-widget-icon-box\" data-id=\"db95803\" data-element_type=\"widget\" data-e-type=\"widget\" data-widget_type=\"icon-box.default\">\n\t\t\t\t<div class=\"elementor-widget-container\">\n\t\t\t\t\t\t\t<div class=\"elementor-icon-box-wrapper\">\n\n\t\t\t\t\t\t<div class=\"elementor-icon-box-icon\">\n\t\t\t\t<a href=\"https:\/\/galeoimpactfund.org\/es\/los-problemas\/derecho-al-voto\/\" class=\"elementor-icon\" tabindex=\"-1\" aria-label=\"Protecci\u00f3n de los derechos de voto\">\n\t\t\t\t<i aria-hidden=\"true\" class=\"far fa-box-ballot\"><\/i>\t\t\t\t<\/a>\n\t\t\t<\/div>\n\t\t\t\n\t\t\t\t\t\t<div class=\"elementor-icon-box-content\">\n\n\t\t\t\t\t\t\t\t\t<h4 class=\"elementor-icon-box-title\">\n\t\t\t\t\t\t<a href=\"https:\/\/galeoimpactfund.org\/es\/los-problemas\/derecho-al-voto\/\" >\n\t\t\t\t\t\t\tProtecci\u00f3n de los derechos de voto\t\t\t\t\t\t<\/a>\n\t\t\t\t\t<\/h4>\n\t\t\t\t\n\t\t\t\t\n\t\t\t<\/div>\n\t\t\t\n\t\t<\/div>\n\t\t\t\t\t\t<\/div>\n\t\t\t\t<\/div>\n\t\t\t\t\t<\/div>\n\t\t<\/div>\n\t\t\t\t<div class=\"elementor-column elementor-col-20 elementor-inner-column elementor-element elementor-element-3c4b2be\" data-id=\"3c4b2be\" data-element_type=\"column\" data-e-type=\"column\">\n\t\t\t<div class=\"elementor-widget-wrap elementor-element-populated\">\n\t\t\t\t\t\t<div class=\"elementor-element elementor-element-7b8d081 elementor-view-default elementor-position-block-start elementor-mobile-position-block-start elementor-widget elementor-widget-icon-box\" data-id=\"7b8d081\" data-element_type=\"widget\" data-e-type=\"widget\" data-widget_type=\"icon-box.default\">\n\t\t\t\t<div class=\"elementor-widget-container\">\n\t\t\t\t\t\t\t<div class=\"elementor-icon-box-wrapper\">\n\n\t\t\t\t\t\t<div class=\"elementor-icon-box-icon\">\n\t\t\t\t<a href=\"https:\/\/galeoimpactfund.org\/es\/los-problemas\/reforma-inmigratoria\/\" class=\"elementor-icon\" tabindex=\"-1\" aria-label=\"Reforma inmigratoria\">\n\t\t\t\t<i aria-hidden=\"true\" class=\"far fa-passport\"><\/i>\t\t\t\t<\/a>\n\t\t\t<\/div>\n\t\t\t\n\t\t\t\t\t\t<div class=\"elementor-icon-box-content\">\n\n\t\t\t\t\t\t\t\t\t<h4 class=\"elementor-icon-box-title\">\n\t\t\t\t\t\t<a href=\"https:\/\/galeoimpactfund.org\/es\/los-problemas\/reforma-inmigratoria\/\" >\n\t\t\t\t\t\t\tReforma inmigratoria\t\t\t\t\t\t<\/a>\n\t\t\t\t\t<\/h4>\n\t\t\t\t\n\t\t\t\t\n\t\t\t<\/div>\n\t\t\t\n\t\t<\/div>\n\t\t\t\t\t\t<\/div>\n\t\t\t\t<\/div>\n\t\t\t\t\t<\/div>\n\t\t<\/div>\n\t\t\t\t<div class=\"elementor-column elementor-col-20 elementor-inner-column elementor-element elementor-element-2932af5\" data-id=\"2932af5\" data-element_type=\"column\" data-e-type=\"column\">\n\t\t\t<div class=\"elementor-widget-wrap elementor-element-populated\">\n\t\t\t\t\t\t<div class=\"elementor-element elementor-element-179e898 elementor-view-default elementor-position-block-start elementor-mobile-position-block-start elementor-widget elementor-widget-icon-box\" data-id=\"179e898\" data-element_type=\"widget\" data-e-type=\"widget\" data-widget_type=\"icon-box.default\">\n\t\t\t\t<div class=\"elementor-widget-container\">\n\t\t\t\t\t\t\t<div class=\"elementor-icon-box-wrapper\">\n\n\t\t\t\t\t\t<div class=\"elementor-icon-box-icon\">\n\t\t\t\t<a href=\"https:\/\/galeoimpactfund.org\/es\/los-problemas\/la-justicia-ambiental\/\" class=\"elementor-icon\" tabindex=\"-1\" aria-label=\"La justicia ambiental\">\n\t\t\t\t<i aria-hidden=\"true\" class=\"far fa-leaf\"><\/i>\t\t\t\t<\/a>\n\t\t\t<\/div>\n\t\t\t\n\t\t\t\t\t\t<div class=\"elementor-icon-box-content\">\n\n\t\t\t\t\t\t\t\t\t<h4 class=\"elementor-icon-box-title\">\n\t\t\t\t\t\t<a href=\"https:\/\/galeoimpactfund.org\/es\/los-problemas\/la-justicia-ambiental\/\" >\n\t\t\t\t\t\t\tLa justicia ambiental\t\t\t\t\t\t<\/a>\n\t\t\t\t\t<\/h4>\n\t\t\t\t\n\t\t\t\t\n\t\t\t<\/div>\n\t\t\t\n\t\t<\/div>\n\t\t\t\t\t\t<\/div>\n\t\t\t\t<\/div>\n\t\t\t\t\t<\/div>\n\t\t<\/div>\n\t\t\t\t<div class=\"elementor-column elementor-col-20 elementor-inner-column elementor-element elementor-element-c0573f3\" data-id=\"c0573f3\" data-element_type=\"column\" data-e-type=\"column\">\n\t\t\t<div class=\"elementor-widget-wrap elementor-element-populated\">\n\t\t\t\t\t\t<div class=\"elementor-element elementor-element-7808ba4 elementor-view-default elementor-position-block-start elementor-mobile-position-block-start elementor-widget elementor-widget-icon-box\" data-id=\"7808ba4\" data-element_type=\"widget\" data-e-type=\"widget\" data-widget_type=\"icon-box.default\">\n\t\t\t\t<div class=\"elementor-widget-container\">\n\t\t\t\t\t\t\t<div class=\"elementor-icon-box-wrapper\">\n\n\t\t\t\t\t\t<div class=\"elementor-icon-box-icon\">\n\t\t\t\t<a href=\"https:\/\/galeoimpactfund.org\/es\/los-problemas\/compromiso-juvenil\/\" class=\"elementor-icon\" tabindex=\"-1\" aria-label=\"Compromiso juvenil\">\n\t\t\t\t<i aria-hidden=\"true\" class=\"far fa-person-sign\"><\/i>\t\t\t\t<\/a>\n\t\t\t<\/div>\n\t\t\t\n\t\t\t\t\t\t<div class=\"elementor-icon-box-content\">\n\n\t\t\t\t\t\t\t\t\t<h4 class=\"elementor-icon-box-title\">\n\t\t\t\t\t\t<a href=\"https:\/\/galeoimpactfund.org\/es\/los-problemas\/compromiso-juvenil\/\" >\n\t\t\t\t\t\t\tCompromiso juvenil\t\t\t\t\t\t<\/a>\n\t\t\t\t\t<\/h4>\n\t\t\t\t\n\t\t\t\t\n\t\t\t<\/div>\n\t\t\t\n\t\t<\/div>\n\t\t\t\t\t\t<\/div>\n\t\t\t\t<\/div>\n\t\t\t\t\t<\/div>\n\t\t<\/div>\n\t\t\t\t<div class=\"elementor-column elementor-col-20 elementor-inner-column elementor-element elementor-element-b97cf05\" data-id=\"b97cf05\" data-element_type=\"column\" data-e-type=\"column\">\n\t\t\t<div class=\"elementor-widget-wrap elementor-element-populated\">\n\t\t\t\t\t\t<div class=\"elementor-element elementor-element-8e7a954 elementor-view-default elementor-position-block-start elementor-mobile-position-block-start elementor-widget elementor-widget-icon-box\" data-id=\"8e7a954\" data-element_type=\"widget\" data-e-type=\"widget\" data-widget_type=\"icon-box.default\">\n\t\t\t\t<div class=\"elementor-widget-container\">\n\t\t\t\t\t\t\t<div class=\"elementor-icon-box-wrapper\">\n\n\t\t\t\t\t\t<div class=\"elementor-icon-box-icon\">\n\t\t\t\t<a href=\"https:\/\/galeoimpactfund.org\/es\/los-problemas\/necesidades-de-transporte\/\" class=\"elementor-icon\" tabindex=\"-1\" aria-label=\"Reconstruir mejor\">\n\t\t\t\t<i aria-hidden=\"true\" class=\"far fa-car-building\"><\/i>\t\t\t\t<\/a>\n\t\t\t<\/div>\n\t\t\t\n\t\t\t\t\t\t<div class=\"elementor-icon-box-content\">\n\n\t\t\t\t\t\t\t\t\t<h4 class=\"elementor-icon-box-title\">\n\t\t\t\t\t\t<a href=\"https:\/\/galeoimpactfund.org\/es\/los-problemas\/necesidades-de-transporte\/\" >\n\t\t\t\t\t\t\tReconstruir mejor\t\t\t\t\t\t<\/a>\n\t\t\t\t\t<\/h4>\n\t\t\t\t\n\t\t\t\t\n\t\t\t<\/div>\n\t\t\t\n\t\t<\/div>\n\t\t\t\t\t\t<\/div>\n\t\t\t\t<\/div>\n\t\t\t\t\t<\/div>\n\t\t<\/div>\n\t\t\t\t\t<\/div>\n\t\t<\/section>\n\t\t\t\t\t<\/div>\n\t\t<\/div>\n\t\t\t\t\t<\/div>\n\t\t<\/section>\n\t\t\t\t<\/div>\n\t\t","protected":false},"excerpt":{"rendered":"<p>El Fondo de Impacto GALEO se enorgullece de su trabajo de base y su estructura receptiva para apoyar el trabajo de nuestra comunidad para lograr un cambio pol\u00edtico real en nuestro estado. La comunidad Latinx de Georgia es diversa y le apasiona una amplia variedad de temas legislativos que afectan nuestras vidas directamente. Derecho al [&hellip;]<\/p>\n","protected":false},"author":1,"featured_media":591,"parent":0,"menu_order":0,"comment_status":"closed","ping_status":"closed","template":"","meta":{"footnotes":""},"class_list":["post-642","page","type-page","status-publish","has-post-thumbnail","hentry"],"jetpack_sharing_enabled":true,"_links":{"self":[{"href":"https:\/\/galeoimpactfund.org\/es\/wp-json\/wp\/v2\/pages\/642","targetHints":{"allow":["GET"]}}],"collection":[{"href":"https:\/\/galeoimpactfund.org\/es\/wp-json\/wp\/v2\/pages"}],"about":[{"href":"https:\/\/galeoimpactfund.org\/es\/wp-json\/wp\/v2\/types\/page"}],"author":[{"embeddable":true,"href":"https:\/\/galeoimpactfund.org\/es\/wp-json\/wp\/v2\/users\/1"}],"replies":[{"embeddable":true,"href":"https:\/\/galeoimpactfund.org\/es\/wp-json\/wp\/v2\/comments?post=642"}],"version-history":[{"count":12,"href":"https:\/\/galeoimpactfund.org\/es\/wp-json\/wp\/v2\/pages\/642\/revisions"}],"predecessor-version":[{"id":3649,"href":"https:\/\/galeoimpactfund.org\/es\/wp-json\/wp\/v2\/pages\/642\/revisions\/3649"}],"wp:featuredmedia":[{"embeddable":true,"href":"https:\/\/galeoimpactfund.org\/es\/wp-json\/wp\/v2\/media\/591"}],"wp:attachment":[{"href":"https:\/\/galeoimpactfund.org\/es\/wp-json\/wp\/v2\/media?parent=642"}],"curies":[{"name":"wp","href":"https:\/\/api.w.org\/{rel}","templated":true}]}}