{"id":669,"date":"2022-02-02T21:39:12","date_gmt":"2022-02-02T21:39:12","guid":{"rendered":"https:\/\/galeoimpactfund.org\/los-problemas\/reforma-inmigratoria\/"},"modified":"2022-03-11T19:15:04","modified_gmt":"2022-03-11T19:15:04","slug":"reforma-inmigratoria","status":"publish","type":"page","link":"https:\/\/galeoimpactfund.org\/es\/las-problematcias\/reforma-inmigratoria\/","title":{"rendered":"Reforma inmigratoria"},"content":{"rendered":"\t\t<div data-elementor-type=\"wp-page\" data-elementor-id=\"669\" class=\"elementor elementor-669 elementor-166\" data-elementor-post-type=\"page\">\n\t\t\t\t\t\t<section class=\"elementor-section elementor-top-section elementor-element elementor-element-e2c409f elementor-section-boxed elementor-section-height-default elementor-section-height-default\" data-id=\"e2c409f\" data-element_type=\"section\" data-e-type=\"section\">\n\t\t\t\t\t\t<div class=\"elementor-container elementor-column-gap-default\">\n\t\t\t\t\t<div class=\"elementor-column elementor-col-100 elementor-top-column elementor-element elementor-element-fa3ccd0\" data-id=\"fa3ccd0\" data-element_type=\"column\" data-e-type=\"column\">\n\t\t\t<div class=\"elementor-widget-wrap elementor-element-populated\">\n\t\t\t\t\t\t<div class=\"elementor-element elementor-element-bea5914 elementor-widget elementor-widget-text-editor\" data-id=\"bea5914\" data-element_type=\"widget\" data-e-type=\"widget\" data-widget_type=\"text-editor.default\">\n\t\t\t\t<div class=\"elementor-widget-container\">\n\t\t\t\t\t\t\t\t\t<p><span style=\"font-weight: 400;\">Los inmigrantes hacen que nuestras comunidades sean m\u00e1s ricas y s\u00f3lidas. Las pol\u00edticas que criminalizan a inmigrantes y refugiados son inhumanas y no representan los mejores ideales de nuestra naci\u00f3n. El Fondo de Impacto GALEO apoya pol\u00edticas en Georgia que permiten a todos los inmigrantes que quieren ser parte de este gran estado la oportunidad de estudiar, trabajar, crecer y retribuir a nuestras comunidades. Nos oponemos a cualquier pol\u00edtica que criminalice e impida que los inmigrantes en el estado satisfagan sus necesidades b\u00e1sicas.<\/span><\/p><ul><li style=\"font-weight: 400;\" aria-level=\"1\"><span style=\"font-weight: 400;\"><em>Nuestra comunidad est\u00e1 cansada de que la decepcionen. El tiempo para la reforma migratoria nacional es ahora. Estamos cansados de promesas incumplidas.<\/em> <\/span><\/li><\/ul><p> <\/p><p class=\"p1\" style=\"text-align: center;\"><b><i>Si est\u00e1 interesado en participar en la defensa de los derechos de los inmigrantes y aprender m\u00e1s sobre el poder de los inmigrantes a nivel local, \u00a1reg\u00edstrese hoy en<\/i><\/b> <a href=\"https:\/\/secure.everyaction.com\/Efrh1PC980ao4RgZzKQwoA2\"><span class=\"s1\"><b><i>el Proyecto El Pueblo Unido<\/i><\/b><\/span><\/a> <b><i>!<\/i><\/b><\/p>\t\t\t\t\t\t\t\t<\/div>\n\t\t\t\t<\/div>\n\t\t\t\t<div class=\"elementor-element elementor-element-df9a707 elementor-widget elementor-widget-video\" data-id=\"df9a707\" data-element_type=\"widget\" data-e-type=\"widget\" data-settings=\"{&quot;youtube_url&quot;:&quot;https:\\\/\\\/www.youtube.com\\\/watch?v=iKHl__BEsD0&quot;,&quot;video_type&quot;:&quot;youtube&quot;,&quot;controls&quot;:&quot;yes&quot;}\" data-widget_type=\"video.default\">\n\t\t\t\t<div class=\"elementor-widget-container\">\n\t\t\t\t\t\t\t<div class=\"elementor-wrapper elementor-open-inline\">\n\t\t\t<div class=\"elementor-video\"><\/div>\t\t<\/div>\n\t\t\t\t\t\t<\/div>\n\t\t\t\t<\/div>\n\t\t\t\t\t<\/div>\n\t\t<\/div>\n\t\t\t\t\t<\/div>\n\t\t<\/section>\n\t\t\t\t<section class=\"elementor-section elementor-top-section elementor-element elementor-element-7d1b438b elementor-section-boxed elementor-section-height-default elementor-section-height-default\" data-id=\"7d1b438b\" data-element_type=\"section\" data-e-type=\"section\">\n\t\t\t\t\t\t<div class=\"elementor-container elementor-column-gap-default\">\n\t\t\t\t\t<div class=\"elementor-column elementor-col-100 elementor-top-column elementor-element elementor-element-47ad958e\" data-id=\"47ad958e\" data-element_type=\"column\" data-e-type=\"column\">\n\t\t\t<div class=\"elementor-widget-wrap elementor-element-populated\">\n\t\t\t\t\t\t<div class=\"elementor-element elementor-element-4978b65a elementor-widget elementor-widget-heading\" data-id=\"4978b65a\" data-element_type=\"widget\" data-e-type=\"widget\" data-widget_type=\"heading.default\">\n\t\t\t\t<div class=\"elementor-widget-container\">\n\t\t\t\t\t<h3 class=\"elementor-heading-title elementor-size-default\">CONOZCA M\u00c1S SOBRE LOS PROBLEMAS:<\/h3>\t\t\t\t<\/div>\n\t\t\t\t<\/div>\n\t\t\t\t<section class=\"elementor-section elementor-inner-section elementor-element elementor-element-1b1deb4d elementor-section-boxed elementor-section-height-default elementor-section-height-default\" data-id=\"1b1deb4d\" data-element_type=\"section\" data-e-type=\"section\">\n\t\t\t\t\t\t<div class=\"elementor-container elementor-column-gap-default\">\n\t\t\t\t\t<div class=\"elementor-column elementor-col-20 elementor-inner-column elementor-element elementor-element-1f0a278a\" data-id=\"1f0a278a\" data-element_type=\"column\" data-e-type=\"column\">\n\t\t\t<div class=\"elementor-widget-wrap elementor-element-populated\">\n\t\t\t\t\t\t<div class=\"elementor-element elementor-element-df607aa elementor-view-default elementor-position-block-start elementor-mobile-position-block-start elementor-widget elementor-widget-icon-box\" data-id=\"df607aa\" data-element_type=\"widget\" data-e-type=\"widget\" data-widget_type=\"icon-box.default\">\n\t\t\t\t<div class=\"elementor-widget-container\">\n\t\t\t\t\t\t\t<div class=\"elementor-icon-box-wrapper\">\n\n\t\t\t\t\t\t<div class=\"elementor-icon-box-icon\">\n\t\t\t\t<a href=\"https:\/\/galeoimpactfund.org\/es\/los-problemas\/derecho-al-voto\/\" class=\"elementor-icon\" tabindex=\"-1\" aria-label=\"Protecci\u00f3n de los derechos de voto\">\n\t\t\t\t<i aria-hidden=\"true\" class=\"far fa-box-ballot\"><\/i>\t\t\t\t<\/a>\n\t\t\t<\/div>\n\t\t\t\n\t\t\t\t\t\t<div class=\"elementor-icon-box-content\">\n\n\t\t\t\t\t\t\t\t\t<h4 class=\"elementor-icon-box-title\">\n\t\t\t\t\t\t<a href=\"https:\/\/galeoimpactfund.org\/es\/los-problemas\/derecho-al-voto\/\" >\n\t\t\t\t\t\t\tProtecci\u00f3n de los derechos de voto\t\t\t\t\t\t<\/a>\n\t\t\t\t\t<\/h4>\n\t\t\t\t\n\t\t\t\t\n\t\t\t<\/div>\n\t\t\t\n\t\t<\/div>\n\t\t\t\t\t\t<\/div>\n\t\t\t\t<\/div>\n\t\t\t\t\t<\/div>\n\t\t<\/div>\n\t\t\t\t<div class=\"elementor-column elementor-col-20 elementor-inner-column elementor-element elementor-element-681244e4\" data-id=\"681244e4\" data-element_type=\"column\" data-e-type=\"column\">\n\t\t\t<div class=\"elementor-widget-wrap elementor-element-populated\">\n\t\t\t\t\t\t<div class=\"elementor-element elementor-element-64fa1b57 elementor-view-default elementor-position-block-start elementor-mobile-position-block-start elementor-widget elementor-widget-icon-box\" data-id=\"64fa1b57\" data-element_type=\"widget\" data-e-type=\"widget\" data-widget_type=\"icon-box.default\">\n\t\t\t\t<div class=\"elementor-widget-container\">\n\t\t\t\t\t\t\t<div class=\"elementor-icon-box-wrapper\">\n\n\t\t\t\t\t\t<div class=\"elementor-icon-box-icon\">\n\t\t\t\t<a href=\"https:\/\/galeoimpactfund.org\/es\/los-problemas\/reforma-inmigratoria\/\" class=\"elementor-icon\" tabindex=\"-1\" aria-label=\"Reforma inmigratoria\">\n\t\t\t\t<i aria-hidden=\"true\" class=\"far fa-passport\"><\/i>\t\t\t\t<\/a>\n\t\t\t<\/div>\n\t\t\t\n\t\t\t\t\t\t<div class=\"elementor-icon-box-content\">\n\n\t\t\t\t\t\t\t\t\t<h4 class=\"elementor-icon-box-title\">\n\t\t\t\t\t\t<a href=\"https:\/\/galeoimpactfund.org\/es\/los-problemas\/reforma-inmigratoria\/\" >\n\t\t\t\t\t\t\tReforma inmigratoria\t\t\t\t\t\t<\/a>\n\t\t\t\t\t<\/h4>\n\t\t\t\t\n\t\t\t\t\n\t\t\t<\/div>\n\t\t\t\n\t\t<\/div>\n\t\t\t\t\t\t<\/div>\n\t\t\t\t<\/div>\n\t\t\t\t\t<\/div>\n\t\t<\/div>\n\t\t\t\t<div class=\"elementor-column elementor-col-20 elementor-inner-column elementor-element elementor-element-6d1f2559\" data-id=\"6d1f2559\" data-element_type=\"column\" data-e-type=\"column\">\n\t\t\t<div class=\"elementor-widget-wrap elementor-element-populated\">\n\t\t\t\t\t\t<div class=\"elementor-element elementor-element-211330f6 elementor-view-default elementor-position-block-start elementor-mobile-position-block-start elementor-widget elementor-widget-icon-box\" data-id=\"211330f6\" data-element_type=\"widget\" data-e-type=\"widget\" data-widget_type=\"icon-box.default\">\n\t\t\t\t<div class=\"elementor-widget-container\">\n\t\t\t\t\t\t\t<div class=\"elementor-icon-box-wrapper\">\n\n\t\t\t\t\t\t<div class=\"elementor-icon-box-icon\">\n\t\t\t\t<a href=\"https:\/\/galeoimpactfund.org\/es\/los-problemas\/la-justicia-ambiental\/\" class=\"elementor-icon\" tabindex=\"-1\" aria-label=\"La justicia ambiental\">\n\t\t\t\t<i aria-hidden=\"true\" class=\"far fa-leaf\"><\/i>\t\t\t\t<\/a>\n\t\t\t<\/div>\n\t\t\t\n\t\t\t\t\t\t<div class=\"elementor-icon-box-content\">\n\n\t\t\t\t\t\t\t\t\t<h4 class=\"elementor-icon-box-title\">\n\t\t\t\t\t\t<a href=\"https:\/\/galeoimpactfund.org\/es\/los-problemas\/la-justicia-ambiental\/\" >\n\t\t\t\t\t\t\tLa justicia ambiental\t\t\t\t\t\t<\/a>\n\t\t\t\t\t<\/h4>\n\t\t\t\t\n\t\t\t\t\n\t\t\t<\/div>\n\t\t\t\n\t\t<\/div>\n\t\t\t\t\t\t<\/div>\n\t\t\t\t<\/div>\n\t\t\t\t\t<\/div>\n\t\t<\/div>\n\t\t\t\t<div class=\"elementor-column elementor-col-20 elementor-inner-column elementor-element elementor-element-63ba79a2\" data-id=\"63ba79a2\" data-element_type=\"column\" data-e-type=\"column\">\n\t\t\t<div class=\"elementor-widget-wrap elementor-element-populated\">\n\t\t\t\t\t\t<div class=\"elementor-element elementor-element-19783765 elementor-view-default elementor-position-block-start elementor-mobile-position-block-start elementor-widget elementor-widget-icon-box\" data-id=\"19783765\" data-element_type=\"widget\" data-e-type=\"widget\" data-widget_type=\"icon-box.default\">\n\t\t\t\t<div class=\"elementor-widget-container\">\n\t\t\t\t\t\t\t<div class=\"elementor-icon-box-wrapper\">\n\n\t\t\t\t\t\t<div class=\"elementor-icon-box-icon\">\n\t\t\t\t<a href=\"https:\/\/galeoimpactfund.org\/es\/los-problemas\/compromiso-juvenil\/\" class=\"elementor-icon\" tabindex=\"-1\" aria-label=\"Compromiso juvenil\">\n\t\t\t\t<i aria-hidden=\"true\" class=\"far fa-person-sign\"><\/i>\t\t\t\t<\/a>\n\t\t\t<\/div>\n\t\t\t\n\t\t\t\t\t\t<div class=\"elementor-icon-box-content\">\n\n\t\t\t\t\t\t\t\t\t<h4 class=\"elementor-icon-box-title\">\n\t\t\t\t\t\t<a href=\"https:\/\/galeoimpactfund.org\/es\/los-problemas\/compromiso-juvenil\/\" >\n\t\t\t\t\t\t\tCompromiso juvenil\t\t\t\t\t\t<\/a>\n\t\t\t\t\t<\/h4>\n\t\t\t\t\n\t\t\t\t\n\t\t\t<\/div>\n\t\t\t\n\t\t<\/div>\n\t\t\t\t\t\t<\/div>\n\t\t\t\t<\/div>\n\t\t\t\t\t<\/div>\n\t\t<\/div>\n\t\t\t\t<div class=\"elementor-column elementor-col-20 elementor-inner-column elementor-element elementor-element-43894223\" data-id=\"43894223\" data-element_type=\"column\" data-e-type=\"column\">\n\t\t\t<div class=\"elementor-widget-wrap elementor-element-populated\">\n\t\t\t\t\t\t<div class=\"elementor-element elementor-element-e88d0f7 elementor-view-default elementor-position-block-start elementor-mobile-position-block-start elementor-widget elementor-widget-icon-box\" data-id=\"e88d0f7\" data-element_type=\"widget\" data-e-type=\"widget\" data-widget_type=\"icon-box.default\">\n\t\t\t\t<div class=\"elementor-widget-container\">\n\t\t\t\t\t\t\t<div class=\"elementor-icon-box-wrapper\">\n\n\t\t\t\t\t\t<div class=\"elementor-icon-box-icon\">\n\t\t\t\t<a href=\"https:\/\/galeoimpactfund.org\/es\/los-problemas\/necesidades-de-transporte\/\" class=\"elementor-icon\" tabindex=\"-1\" aria-label=\"Reconstruir mejor\">\n\t\t\t\t<i aria-hidden=\"true\" class=\"far fa-car-building\"><\/i>\t\t\t\t<\/a>\n\t\t\t<\/div>\n\t\t\t\n\t\t\t\t\t\t<div class=\"elementor-icon-box-content\">\n\n\t\t\t\t\t\t\t\t\t<h4 class=\"elementor-icon-box-title\">\n\t\t\t\t\t\t<a href=\"https:\/\/galeoimpactfund.org\/es\/los-problemas\/necesidades-de-transporte\/\" >\n\t\t\t\t\t\t\tReconstruir mejor\t\t\t\t\t\t<\/a>\n\t\t\t\t\t<\/h4>\n\t\t\t\t\n\t\t\t\t\n\t\t\t<\/div>\n\t\t\t\n\t\t<\/div>\n\t\t\t\t\t\t<\/div>\n\t\t\t\t<\/div>\n\t\t\t\t\t<\/div>\n\t\t<\/div>\n\t\t\t\t\t<\/div>\n\t\t<\/section>\n\t\t\t\t\t<\/div>\n\t\t<\/div>\n\t\t\t\t\t<\/div>\n\t\t<\/section>\n\t\t\t\t<\/div>\n\t\t","protected":false},"excerpt":{"rendered":"<p>Los inmigrantes hacen que nuestras comunidades sean m\u00e1s ricas y s\u00f3lidas. Las pol\u00edticas que criminalizan a inmigrantes y refugiados son inhumanas y no representan los mejores ideales de nuestra naci\u00f3n. El Fondo de Impacto GALEO apoya pol\u00edticas en Georgia que permiten a todos los inmigrantes que quieren ser parte de este gran estado la oportunidad [&hellip;]<\/p>\n","protected":false},"author":1,"featured_media":593,"parent":642,"menu_order":0,"comment_status":"closed","ping_status":"closed","template":"","meta":{"footnotes":""},"class_list":["post-669","page","type-page","status-publish","has-post-thumbnail","hentry"],"jetpack_sharing_enabled":true,"_links":{"self":[{"href":"https:\/\/galeoimpactfund.org\/es\/wp-json\/wp\/v2\/pages\/669","targetHints":{"allow":["GET"]}}],"collection":[{"href":"https:\/\/galeoimpactfund.org\/es\/wp-json\/wp\/v2\/pages"}],"about":[{"href":"https:\/\/galeoimpactfund.org\/es\/wp-json\/wp\/v2\/types\/page"}],"author":[{"embeddable":true,"href":"https:\/\/galeoimpactfund.org\/es\/wp-json\/wp\/v2\/users\/1"}],"replies":[{"embeddable":true,"href":"https:\/\/galeoimpactfund.org\/es\/wp-json\/wp\/v2\/comments?post=669"}],"version-history":[{"count":7,"href":"https:\/\/galeoimpactfund.org\/es\/wp-json\/wp\/v2\/pages\/669\/revisions"}],"predecessor-version":[{"id":1094,"href":"https:\/\/galeoimpactfund.org\/es\/wp-json\/wp\/v2\/pages\/669\/revisions\/1094"}],"up":[{"embeddable":true,"href":"https:\/\/galeoimpactfund.org\/es\/wp-json\/wp\/v2\/pages\/642"}],"wp:featuredmedia":[{"embeddable":true,"href":"https:\/\/galeoimpactfund.org\/es\/wp-json\/wp\/v2\/media\/593"}],"wp:attachment":[{"href":"https:\/\/galeoimpactfund.org\/es\/wp-json\/wp\/v2\/media?parent=669"}],"curies":[{"name":"wp","href":"https:\/\/api.w.org\/{rel}","templated":true}]}}