{"id":1168,"date":"2022-03-14T17:26:53","date_gmt":"2022-03-14T17:26:53","guid":{"rendered":"https:\/\/galeoimpactfund.org\/product\/taza-blanca-brillante\/"},"modified":"2022-03-14T17:26:53","modified_gmt":"2022-03-14T17:26:53","slug":"taza-blanca-brillante","status":"publish","type":"product","link":"https:\/\/galeoimpactfund.org\/es\/producto\/taza-blanca-brillante\/","title":{"rendered":"Taza blanca brillante"},"content":{"rendered":"<p>Ya sea que est\u00e9 tomando su caf\u00e9 de la ma\u00f1ana, el t\u00e9 de la tarde o algo intermedio, \u00a1esta taza es para usted! Es resistente y brillante con una impresi\u00f3n v\u00edvida que resistir\u00e1 el microondas y el lavavajillas.<\/p>\n<p>\u2022 Cer\u00e1mica<br \/>\n\u2022 Dimensiones de la taza de 11 oz: 3,85\u2033 (9,8 cm) de altura, 3,35\u2033 (8,5 cm) de di\u00e1metro<br \/>\n\u2022 Dimensiones de la taza de 15 oz: 4,7\u2033 (12 cm) de altura, 3,35\u2033 (8,5 cm) de di\u00e1metro<br \/>\n\u2022 Apto para lavavajillas y microondas<br \/>\n\u2022 Producto en blanco procedente de China<\/p>\n","protected":false},"excerpt":{"rendered":"<p>Ya sea que est\u00e9 tomando su caf\u00e9 de la ma\u00f1ana, el t\u00e9 de la tarde o algo intermedio, \u00a1esta taza es para usted! Es resistente y brillante con una impresi\u00f3n v\u00edvida que resistir\u00e1 el microondas y el lavavajillas. \u2022 Cer\u00e1mica \u2022 Dimensiones de la taza de 11 oz: 3,85\u2033 (9,8 cm) de altura, 3,35\u2033 (8,5 [&hellip;]<\/p>\n","protected":false},"featured_media":1156,"comment_status":"open","ping_status":"closed","template":"","meta":[],"product_brand":[],"product_cat":[53],"product_tag":[],"class_list":{"0":"post-1168","1":"product","2":"type-product","3":"status-publish","4":"has-post-thumbnail","6":"product_cat-sin-categorizar","8":"first","9":"instock","10":"shipping-taxable","11":"purchasable","12":"product-type-variable"},"jetpack_sharing_enabled":true,"_links":{"self":[{"href":"https:\/\/galeoimpactfund.org\/es\/wp-json\/wp\/v2\/product\/1168","targetHints":{"allow":["GET"]}}],"collection":[{"href":"https:\/\/galeoimpactfund.org\/es\/wp-json\/wp\/v2\/product"}],"about":[{"href":"https:\/\/galeoimpactfund.org\/es\/wp-json\/wp\/v2\/types\/product"}],"replies":[{"embeddable":true,"href":"https:\/\/galeoimpactfund.org\/es\/wp-json\/wp\/v2\/comments?post=1168"}],"wp:featuredmedia":[{"embeddable":true,"href":"https:\/\/galeoimpactfund.org\/es\/wp-json\/wp\/v2\/media\/1156"}],"wp:attachment":[{"href":"https:\/\/galeoimpactfund.org\/es\/wp-json\/wp\/v2\/media?parent=1168"}],"wp:term":[{"taxonomy":"product_brand","embeddable":true,"href":"https:\/\/galeoimpactfund.org\/es\/wp-json\/wp\/v2\/product_brand?post=1168"},{"taxonomy":"product_cat","embeddable":true,"href":"https:\/\/galeoimpactfund.org\/es\/wp-json\/wp\/v2\/product_cat?post=1168"},{"taxonomy":"product_tag","embeddable":true,"href":"https:\/\/galeoimpactfund.org\/es\/wp-json\/wp\/v2\/product_tag?post=1168"}],"curies":[{"name":"wp","href":"https:\/\/api.w.org\/{rel}","templated":true}]}}