{"id":1175,"date":"2022-03-14T17:27:25","date_gmt":"2022-03-14T17:27:25","guid":{"rendered":"https:\/\/galeoimpactfund.org\/product\/bolso-tote-ecologico\/"},"modified":"2022-03-14T17:27:25","modified_gmt":"2022-03-14T17:27:25","slug":"bolsa-ecologica","status":"publish","type":"product","link":"https:\/\/galeoimpactfund.org\/es\/producto\/bolsa-ecologica\/","title":{"rendered":"Bolso tote ecol\u00f3gico"},"content":{"rendered":"<p>Di adi\u00f3s al pl\u00e1stico y guarda tus cosas en esta bolsa de algod\u00f3n org\u00e1nico. Hay espacio m\u00e1s que suficiente para comestibles, libros y cualquier cosa en el medio.<\/p>\n<p>\u2022 100 % algod\u00f3n org\u00e1nico certificado 3\/1 sarga<br \/>\n\u2022 Peso de la tela: 8 oz\/yd\u00b2 (272 g\/m\u00b2)<br \/>\n\u2022 Dimensiones: 16\u2033 \u00d7 14 \u00bd\u2033 \u00d7 5\u2033 (40,6 cm \u00d7 35,6 cm \u00d7 12,7 cm)<br \/>\n\u2022 L\u00edmite de peso: 30 libras (13,6 kg)<br \/>\n\u2022 Correas dobles de 1\u2033 (2,5 cm) de ancho, 24,5\u2033 (62,2 cm) de largo<br \/>\n\u2022 Compartimento principal abierto<br \/>\n\u2022 Componentes de productos en blanco procedentes de Vietnam<\/p>\n","protected":false},"excerpt":{"rendered":"<p>Di adi\u00f3s al pl\u00e1stico y guarda tus cosas en esta bolsa de algod\u00f3n org\u00e1nico. Hay espacio m\u00e1s que suficiente para comestibles, libros y cualquier cosa en el medio. \u2022 100 % algod\u00f3n org\u00e1nico certificado 3\/1 sarga \u2022 Peso de la tela: 8 oz\/yd\u00b2 (272 g\/m\u00b2) \u2022 Dimensiones: 16\u2033 \u00d7 14 \u00bd\u2033 \u00d7 5\u2033 (40,6 cm [&hellip;]<\/p>\n","protected":false},"featured_media":1174,"comment_status":"open","ping_status":"closed","template":"","meta":[],"product_brand":[],"product_cat":[53],"product_tag":[],"class_list":{"0":"post-1175","1":"product","2":"type-product","3":"status-publish","4":"has-post-thumbnail","6":"product_cat-sin-categorizar","8":"first","9":"instock","10":"shipping-taxable","11":"purchasable","12":"product-type-simple"},"jetpack_sharing_enabled":true,"_links":{"self":[{"href":"https:\/\/galeoimpactfund.org\/es\/wp-json\/wp\/v2\/product\/1175","targetHints":{"allow":["GET"]}}],"collection":[{"href":"https:\/\/galeoimpactfund.org\/es\/wp-json\/wp\/v2\/product"}],"about":[{"href":"https:\/\/galeoimpactfund.org\/es\/wp-json\/wp\/v2\/types\/product"}],"replies":[{"embeddable":true,"href":"https:\/\/galeoimpactfund.org\/es\/wp-json\/wp\/v2\/comments?post=1175"}],"wp:featuredmedia":[{"embeddable":true,"href":"https:\/\/galeoimpactfund.org\/es\/wp-json\/wp\/v2\/media\/1174"}],"wp:attachment":[{"href":"https:\/\/galeoimpactfund.org\/es\/wp-json\/wp\/v2\/media?parent=1175"}],"wp:term":[{"taxonomy":"product_brand","embeddable":true,"href":"https:\/\/galeoimpactfund.org\/es\/wp-json\/wp\/v2\/product_brand?post=1175"},{"taxonomy":"product_cat","embeddable":true,"href":"https:\/\/galeoimpactfund.org\/es\/wp-json\/wp\/v2\/product_cat?post=1175"},{"taxonomy":"product_tag","embeddable":true,"href":"https:\/\/galeoimpactfund.org\/es\/wp-json\/wp\/v2\/product_tag?post=1175"}],"curies":[{"name":"wp","href":"https:\/\/api.w.org\/{rel}","templated":true}]}}