{"id":1208,"date":"2022-03-18T14:05:12","date_gmt":"2022-03-18T14:05:12","guid":{"rendered":"https:\/\/galeoimpactfund.org\/product\/gorro-con-vuelta\/"},"modified":"2022-03-18T14:05:12","modified_gmt":"2022-03-18T14:05:12","slug":"gorro-con-vuelta","status":"publish","type":"product","link":"https:\/\/galeoimpactfund.org\/es\/producto\/gorro-con-vuelta\/","title":{"rendered":"Gorro con vuelta"},"content":{"rendered":"<p>Un gorro ce\u00f1ido y ce\u00f1ido. No solo es una gran pieza para calentar la cabeza, sino tambi\u00e9n un accesorio b\u00e1sico en el guardarropa de cualquier persona.<\/p>\n<p>\u2022 100 % acr\u00edlico turbo<br \/>\n\u2022 12\u2033 (30 cm) de largo<br \/>\n\u2022 Hipoalerg\u00e9nico <br \/>\n\u2022 Estilo unisex<br \/>\n\u2022 Lavable a mano<br \/>\n\u2022 Producto en blanco procedente de Vietnam o Bangladesh<\/p>\n","protected":false},"excerpt":{"rendered":"<p>Un gorro ce\u00f1ido y ce\u00f1ido. No solo es una gran pieza para calentar la cabeza, sino tambi\u00e9n un accesorio b\u00e1sico en el guardarropa de cualquier persona. \u2022 100 % acr\u00edlico turbo \u2022 12\u2033 (30 cm) de largo \u2022 Hipoalerg\u00e9nico \u2022 Estilo unisex \u2022 Lavable a mano \u2022 Producto en blanco procedente de Vietnam o Bangladesh<\/p>\n","protected":false},"featured_media":1199,"comment_status":"open","ping_status":"closed","template":"","meta":[],"product_brand":[],"product_cat":[53],"product_tag":[],"class_list":{"0":"post-1208","1":"product","2":"type-product","3":"status-publish","4":"has-post-thumbnail","6":"product_cat-sin-categorizar","8":"first","9":"instock","10":"shipping-taxable","11":"purchasable","12":"product-type-variable"},"jetpack_sharing_enabled":true,"_links":{"self":[{"href":"https:\/\/galeoimpactfund.org\/es\/wp-json\/wp\/v2\/product\/1208","targetHints":{"allow":["GET"]}}],"collection":[{"href":"https:\/\/galeoimpactfund.org\/es\/wp-json\/wp\/v2\/product"}],"about":[{"href":"https:\/\/galeoimpactfund.org\/es\/wp-json\/wp\/v2\/types\/product"}],"replies":[{"embeddable":true,"href":"https:\/\/galeoimpactfund.org\/es\/wp-json\/wp\/v2\/comments?post=1208"}],"wp:featuredmedia":[{"embeddable":true,"href":"https:\/\/galeoimpactfund.org\/es\/wp-json\/wp\/v2\/media\/1199"}],"wp:attachment":[{"href":"https:\/\/galeoimpactfund.org\/es\/wp-json\/wp\/v2\/media?parent=1208"}],"wp:term":[{"taxonomy":"product_brand","embeddable":true,"href":"https:\/\/galeoimpactfund.org\/es\/wp-json\/wp\/v2\/product_brand?post=1208"},{"taxonomy":"product_cat","embeddable":true,"href":"https:\/\/galeoimpactfund.org\/es\/wp-json\/wp\/v2\/product_cat?post=1208"},{"taxonomy":"product_tag","embeddable":true,"href":"https:\/\/galeoimpactfund.org\/es\/wp-json\/wp\/v2\/product_tag?post=1208"}],"curies":[{"name":"wp","href":"https:\/\/api.w.org\/{rel}","templated":true}]}}