{"id":1303,"date":"2022-03-18T14:06:08","date_gmt":"2022-03-18T14:06:08","guid":{"rendered":"https:\/\/galeoimpactfund.org\/product\/camiseta-unisex-de-manga-corta\/"},"modified":"2022-03-18T14:06:08","modified_gmt":"2022-03-18T14:06:08","slug":"camiseta-manga-corta-unisex","status":"publish","type":"product","link":"https:\/\/galeoimpactfund.org\/es\/producto\/camiseta-manga-corta-unisex\/","title":{"rendered":"Camiseta unisex de manga corta"},"content":{"rendered":"<p>Esta camiseta es todo lo que has so\u00f1ado y m\u00e1s. Se siente suave y liviano, con la cantidad adecuada de elasticidad. Es c\u00f3modo y favorecedor para todos. <\/p>\n<p>\u2022 100 % algod\u00f3n peinado e hilado en anillo (los colores jaspeados contienen poli\u00e9ster)<br \/>\n\u2022 Peso de la tela: 4,2 oz\/yd\u00b2 (142 g\/m\u00b2)<br \/>\n\u2022 Tela preencogida<br \/>\n\u2022 Construcci\u00f3n con costuras laterales<br \/>\n\u2022 Cinta de hombro a hombro<br \/>\n\u2022 Producto en blanco procedente de Guatemala, Nicaragua, M\u00e9xico, Honduras o EE. UU.<\/p>\n","protected":false},"excerpt":{"rendered":"<p>Esta camiseta es todo lo que has so\u00f1ado y m\u00e1s. Se siente suave y liviano, con la cantidad adecuada de elasticidad. Es c\u00f3modo y favorecedor para todos. \u2022 100 % algod\u00f3n peinado e hilado en anillo (los colores jaspeados contienen poli\u00e9ster) \u2022 Peso de la tela: 4,2 oz\/yd\u00b2 (142 g\/m\u00b2) \u2022 Tela preencogida \u2022 Construcci\u00f3n [&hellip;]<\/p>\n","protected":false},"featured_media":1286,"comment_status":"open","ping_status":"closed","template":"","meta":[],"product_brand":[],"product_cat":[53],"product_tag":[],"class_list":{"0":"post-1303","1":"product","2":"type-product","3":"status-publish","4":"has-post-thumbnail","6":"product_cat-sin-categorizar","8":"first","9":"instock","10":"shipping-taxable","11":"purchasable","12":"product-type-variable"},"jetpack_sharing_enabled":true,"_links":{"self":[{"href":"https:\/\/galeoimpactfund.org\/es\/wp-json\/wp\/v2\/product\/1303","targetHints":{"allow":["GET"]}}],"collection":[{"href":"https:\/\/galeoimpactfund.org\/es\/wp-json\/wp\/v2\/product"}],"about":[{"href":"https:\/\/galeoimpactfund.org\/es\/wp-json\/wp\/v2\/types\/product"}],"replies":[{"embeddable":true,"href":"https:\/\/galeoimpactfund.org\/es\/wp-json\/wp\/v2\/comments?post=1303"}],"wp:featuredmedia":[{"embeddable":true,"href":"https:\/\/galeoimpactfund.org\/es\/wp-json\/wp\/v2\/media\/1286"}],"wp:attachment":[{"href":"https:\/\/galeoimpactfund.org\/es\/wp-json\/wp\/v2\/media?parent=1303"}],"wp:term":[{"taxonomy":"product_brand","embeddable":true,"href":"https:\/\/galeoimpactfund.org\/es\/wp-json\/wp\/v2\/product_brand?post=1303"},{"taxonomy":"product_cat","embeddable":true,"href":"https:\/\/galeoimpactfund.org\/es\/wp-json\/wp\/v2\/product_cat?post=1303"},{"taxonomy":"product_tag","embeddable":true,"href":"https:\/\/galeoimpactfund.org\/es\/wp-json\/wp\/v2\/product_tag?post=1303"}],"curies":[{"name":"wp","href":"https:\/\/api.w.org\/{rel}","templated":true}]}}