{"id":1569,"date":"2022-03-18T14:52:07","date_gmt":"2022-03-18T14:52:07","guid":{"rendered":"https:\/\/galeoimpactfund.org\/product\/botella-de-agua-de-acero-inoxidable\/"},"modified":"2025-04-12T14:27:13","modified_gmt":"2025-04-12T14:27:13","slug":"botella-de-agua-de-acero-inoxidable","status":"publish","type":"product","link":"https:\/\/galeoimpactfund.org\/es\/producto\/botella-de-agua-de-acero-inoxidable\/","title":{"rendered":"Botella de agua de acero inoxidable"},"content":{"rendered":"<p>Esta botella de agua de acero inoxidable de doble pared de 17 onzas es perfecta para sus salidas diarias. Mantendr\u00e1 su bebida preferida caliente o fr\u00eda durante horas. Tambi\u00e9n cuenta con una tapa a prueba de olores y fugas. Col\u00f3quelo en el portavasos de su autom\u00f3vil de camino al trabajo, ll\u00e9velo con usted en caminatas o t\u00edrelo en su bolso para cuando tenga sed.<\/p>\n<p>\u2022 Acero inoxidable de alta calidad<br \/>\n\u2022 17 onzas (500 ml)<br \/>\n\u2022 Dimensiones: 10,5\u2033 \u00d7 2,85\u2033 (27 \u00d7 7 cm)<br \/>\n\u2022 Dosis de vacuna<br \/>\n\u2022 Construcci\u00f3n de doble pared<br \/>\n\u2022 Forma de bolo<br \/>\n\u2022 Tap\u00f3n inodoro y a prueba de fugas<br \/>\n\u2022 Aislante para l\u00edquidos fr\u00edos y calientes (mantiene el l\u00edquido caliente o fr\u00edo durante 6 h)<br \/>\n\u2022 Recubrimiento ORCA patentado para colores vibrantes<br \/>\n\u2022 Solo lavar a mano (no se recomienda lavar en lavavajillas debido al sello al vac\u00edo)<br \/>\n\u2022 Producto en blanco procedente de China<\/p>\n<p>Descargo de responsabilidad: Mantener el agua en la botella durante m\u00e1s de 24 horas es antihigi\u00e9nico y puede provocar un olor desagradable.<\/p>\n","protected":false},"excerpt":{"rendered":"<p>Esta botella de agua de acero inoxidable de doble pared de 17 onzas es perfecta para sus salidas diarias. Mantendr\u00e1 su bebida preferida caliente o fr\u00eda durante horas. Tambi\u00e9n cuenta con una tapa a prueba de olores y fugas. Col\u00f3quelo en el portavasos de su autom\u00f3vil de camino al trabajo, ll\u00e9velo con usted en caminatas [&hellip;]<\/p>\n","protected":false},"featured_media":1519,"comment_status":"open","ping_status":"closed","template":"","meta":[],"product_brand":[],"product_cat":[53],"product_tag":[],"class_list":{"0":"post-1569","1":"product","2":"type-product","3":"status-publish","4":"has-post-thumbnail","6":"product_cat-sin-categorizar","8":"first","9":"instock","10":"shipping-taxable","11":"purchasable","12":"product-type-simple"},"jetpack_sharing_enabled":true,"_links":{"self":[{"href":"https:\/\/galeoimpactfund.org\/es\/wp-json\/wp\/v2\/product\/1569","targetHints":{"allow":["GET"]}}],"collection":[{"href":"https:\/\/galeoimpactfund.org\/es\/wp-json\/wp\/v2\/product"}],"about":[{"href":"https:\/\/galeoimpactfund.org\/es\/wp-json\/wp\/v2\/types\/product"}],"replies":[{"embeddable":true,"href":"https:\/\/galeoimpactfund.org\/es\/wp-json\/wp\/v2\/comments?post=1569"}],"wp:featuredmedia":[{"embeddable":true,"href":"https:\/\/galeoimpactfund.org\/es\/wp-json\/wp\/v2\/media\/1519"}],"wp:attachment":[{"href":"https:\/\/galeoimpactfund.org\/es\/wp-json\/wp\/v2\/media?parent=1569"}],"wp:term":[{"taxonomy":"product_brand","embeddable":true,"href":"https:\/\/galeoimpactfund.org\/es\/wp-json\/wp\/v2\/product_brand?post=1569"},{"taxonomy":"product_cat","embeddable":true,"href":"https:\/\/galeoimpactfund.org\/es\/wp-json\/wp\/v2\/product_cat?post=1569"},{"taxonomy":"product_tag","embeddable":true,"href":"https:\/\/galeoimpactfund.org\/es\/wp-json\/wp\/v2\/product_tag?post=1569"}],"curies":[{"name":"wp","href":"https:\/\/api.w.org\/{rel}","templated":true}]}}