{"id":1877,"date":"2022-07-18T16:03:52","date_gmt":"2022-07-18T16:03:52","guid":{"rendered":"https:\/\/galeoimpactfund.org\/product\/parches-bordados\/"},"modified":"2022-07-18T16:03:52","modified_gmt":"2022-07-18T16:03:52","slug":"parches-bordados","status":"publish","type":"product","link":"https:\/\/galeoimpactfund.org\/es\/producto\/parches-bordados\/","title":{"rendered":"Parches bordados"},"content":{"rendered":"<p>Dale vida a tu conjunto a\u00f1adiendo un llamativo parche bordado. Gracias a su resistente tejido de sarga, el parche es resistente al calor. P\u00eddalo hoy mismo y prep\u00e1rese para empezar a embellecer.<\/p>\n<p>&#8211; 26% algod\u00f3n, 74% poli\u00e9ster<br \/>\n&#8211; 3\u2033 (7,6 cm) de di\u00e1metro<br \/>\n&#8211; Opciones de fijaci\u00f3n: plancha, costura o imperdible<br \/>\n\u2022 Producto en blanco procedente de China<\/p>\n","protected":false},"excerpt":{"rendered":"<p>Dale vida a tu conjunto a\u00f1adiendo un llamativo parche bordado. Gracias a su resistente tejido de sarga, el parche es resistente al calor. P\u00eddalo hoy mismo y prep\u00e1rese para empezar a embellecer. &#8211; 26% algod\u00f3n, 74% poli\u00e9ster &#8211; 3\u2033 (7,6 cm) de di\u00e1metro &#8211; Opciones de fijaci\u00f3n: plancha, costura o imperdible \u2022 Producto en blanco [&hellip;]<\/p>\n","protected":false},"featured_media":1874,"comment_status":"open","ping_status":"closed","template":"","meta":[],"product_brand":[],"product_cat":[53],"product_tag":[],"class_list":{"0":"post-1877","1":"product","2":"type-product","3":"status-publish","4":"has-post-thumbnail","6":"product_cat-sin-categorizar","8":"first","9":"instock","10":"shipping-taxable","11":"purchasable","12":"product-type-variable"},"jetpack_sharing_enabled":true,"_links":{"self":[{"href":"https:\/\/galeoimpactfund.org\/es\/wp-json\/wp\/v2\/product\/1877","targetHints":{"allow":["GET"]}}],"collection":[{"href":"https:\/\/galeoimpactfund.org\/es\/wp-json\/wp\/v2\/product"}],"about":[{"href":"https:\/\/galeoimpactfund.org\/es\/wp-json\/wp\/v2\/types\/product"}],"replies":[{"embeddable":true,"href":"https:\/\/galeoimpactfund.org\/es\/wp-json\/wp\/v2\/comments?post=1877"}],"wp:featuredmedia":[{"embeddable":true,"href":"https:\/\/galeoimpactfund.org\/es\/wp-json\/wp\/v2\/media\/1874"}],"wp:attachment":[{"href":"https:\/\/galeoimpactfund.org\/es\/wp-json\/wp\/v2\/media?parent=1877"}],"wp:term":[{"taxonomy":"product_brand","embeddable":true,"href":"https:\/\/galeoimpactfund.org\/es\/wp-json\/wp\/v2\/product_brand?post=1877"},{"taxonomy":"product_cat","embeddable":true,"href":"https:\/\/galeoimpactfund.org\/es\/wp-json\/wp\/v2\/product_cat?post=1877"},{"taxonomy":"product_tag","embeddable":true,"href":"https:\/\/galeoimpactfund.org\/es\/wp-json\/wp\/v2\/product_tag?post=1877"}],"curies":[{"name":"wp","href":"https:\/\/api.w.org\/{rel}","templated":true}]}}