{"id":2362,"date":"2022-11-17T16:08:53","date_gmt":"2022-11-17T16:08:53","guid":{"rendered":"https:\/\/galeoimpactfund.org\/product\/camiseta-unisex\/"},"modified":"2022-11-17T16:08:53","modified_gmt":"2022-11-17T16:08:53","slug":"camiseta-unisex","status":"publish","type":"product","link":"https:\/\/galeoimpactfund.org\/es\/producto\/camiseta-unisex\/","title":{"rendered":"Camiseta unisex"},"content":{"rendered":"<p>Esta camiseta es todo lo que has so\u00f1ado y m\u00e1s. Se siente suave y liviano, con la cantidad adecuada de elasticidad. Es c\u00f3modo y favorecedor para todos. <\/p>\n<p>\u2022 100 % algod\u00f3n peinado e hilado en anillo (los colores jaspeados contienen poli\u00e9ster)<br \/>\n\u2022 Peso de la tela: 4,2 oz\/yd\u00b2 (142 g\/m\u00b2)<br \/>\n\u2022 Tela preencogida<br \/>\n\u2022 Construcci\u00f3n con costuras laterales<br \/>\n\u2022 Cinta de hombro a hombro<br \/>\n\u2022 Producto en blanco procedente de Guatemala, Nicaragua, M\u00e9xico, Honduras o EE. UU.<\/p>\n<p>Este producto se fabrica especialmente para usted en cuanto realiza el pedido, por lo que tardamos un poco m\u00e1s en entreg\u00e1rselo. La fabricaci\u00f3n de productos bajo demanda en lugar de a granel ayuda a reducir la sobreproducci\u00f3n, as\u00ed que gracias por tomar decisiones de compra meditadas.<\/p>\n","protected":false},"excerpt":{"rendered":"<p>Esta camiseta es todo lo que has so\u00f1ado y m\u00e1s. Se siente suave y liviano, con la cantidad adecuada de elasticidad. Es c\u00f3modo y favorecedor para todos. \u2022 100 % algod\u00f3n peinado e hilado en anillo (los colores jaspeados contienen poli\u00e9ster) \u2022 Peso de la tela: 4,2 oz\/yd\u00b2 (142 g\/m\u00b2) \u2022 Tela preencogida \u2022 Construcci\u00f3n [&hellip;]<\/p>\n","protected":false},"featured_media":2325,"comment_status":"open","ping_status":"closed","template":"","meta":[],"product_brand":[],"product_cat":[53],"product_tag":[],"class_list":{"0":"post-2362","1":"product","2":"type-product","3":"status-publish","4":"has-post-thumbnail","6":"product_cat-sin-categorizar","8":"first","9":"instock","10":"shipping-taxable","11":"purchasable","12":"product-type-variable"},"jetpack_sharing_enabled":true,"_links":{"self":[{"href":"https:\/\/galeoimpactfund.org\/es\/wp-json\/wp\/v2\/product\/2362","targetHints":{"allow":["GET"]}}],"collection":[{"href":"https:\/\/galeoimpactfund.org\/es\/wp-json\/wp\/v2\/product"}],"about":[{"href":"https:\/\/galeoimpactfund.org\/es\/wp-json\/wp\/v2\/types\/product"}],"replies":[{"embeddable":true,"href":"https:\/\/galeoimpactfund.org\/es\/wp-json\/wp\/v2\/comments?post=2362"}],"wp:featuredmedia":[{"embeddable":true,"href":"https:\/\/galeoimpactfund.org\/es\/wp-json\/wp\/v2\/media\/2325"}],"wp:attachment":[{"href":"https:\/\/galeoimpactfund.org\/es\/wp-json\/wp\/v2\/media?parent=2362"}],"wp:term":[{"taxonomy":"product_brand","embeddable":true,"href":"https:\/\/galeoimpactfund.org\/es\/wp-json\/wp\/v2\/product_brand?post=2362"},{"taxonomy":"product_cat","embeddable":true,"href":"https:\/\/galeoimpactfund.org\/es\/wp-json\/wp\/v2\/product_cat?post=2362"},{"taxonomy":"product_tag","embeddable":true,"href":"https:\/\/galeoimpactfund.org\/es\/wp-json\/wp\/v2\/product_tag?post=2362"}],"curies":[{"name":"wp","href":"https:\/\/api.w.org\/{rel}","templated":true}]}}