{"id":2665,"date":"2022-11-22T15:03:30","date_gmt":"2022-11-22T15:03:30","guid":{"rendered":"https:\/\/galeoimpactfund.org\/product\/pegatinas-sin-burbujas-4\/"},"modified":"2022-11-22T15:03:30","modified_gmt":"2022-11-22T15:03:30","slug":"pegatinas-sin-burbujas-4","status":"publish","type":"product","link":"https:\/\/galeoimpactfund.org\/es\/producto\/pegatinas-sin-burbujas-4\/","title":{"rendered":"Pegatinas sin burbujas"},"content":{"rendered":"<p>Estas pegatinas est\u00e1n impresas en vinilo adhesivo duradero de alta opacidad, lo que las hace perfectas para un uso regular, as\u00ed como para cubrir otras pegatinas o pintura. El vinilo de alta calidad garantiza que no haya burbujas al aplicar las pegatinas.<\/p>\n<p>\u2022 Pel\u00edcula de alta opacidad a trav\u00e9s de la cual es imposible ver<br \/>\n\u2022 Aplicaci\u00f3n r\u00e1pida y f\u00e1cil sin burbujas<br \/>\n\u2022 Vinilo duradero, perfecto para uso en interiores<br \/>\n\u2022 Densidad de 95\u00b5<\/p>\n<p>No olvides limpiar la superficie antes de aplicar la pegatina.<\/p>\n","protected":false},"excerpt":{"rendered":"<p>Estas pegatinas est\u00e1n impresas en vinilo adhesivo duradero de alta opacidad, lo que las hace perfectas para un uso regular, as\u00ed como para cubrir otras pegatinas o pintura. El vinilo de alta calidad garantiza que no haya burbujas al aplicar las pegatinas. \u2022 Pel\u00edcula de alta opacidad a trav\u00e9s de la cual es imposible ver [&hellip;]<\/p>\n","protected":false},"featured_media":2648,"comment_status":"open","ping_status":"closed","template":"","meta":[],"product_brand":[],"product_cat":[135],"product_tag":[],"class_list":{"0":"post-2665","1":"product","2":"type-product","3":"status-publish","4":"has-post-thumbnail","6":"product_cat-candidatos-respaldados-en-2022","8":"first","9":"instock","10":"shipping-taxable","11":"purchasable","12":"product-type-variable"},"jetpack_sharing_enabled":true,"_links":{"self":[{"href":"https:\/\/galeoimpactfund.org\/es\/wp-json\/wp\/v2\/product\/2665","targetHints":{"allow":["GET"]}}],"collection":[{"href":"https:\/\/galeoimpactfund.org\/es\/wp-json\/wp\/v2\/product"}],"about":[{"href":"https:\/\/galeoimpactfund.org\/es\/wp-json\/wp\/v2\/types\/product"}],"replies":[{"embeddable":true,"href":"https:\/\/galeoimpactfund.org\/es\/wp-json\/wp\/v2\/comments?post=2665"}],"wp:featuredmedia":[{"embeddable":true,"href":"https:\/\/galeoimpactfund.org\/es\/wp-json\/wp\/v2\/media\/2648"}],"wp:attachment":[{"href":"https:\/\/galeoimpactfund.org\/es\/wp-json\/wp\/v2\/media?parent=2665"}],"wp:term":[{"taxonomy":"product_brand","embeddable":true,"href":"https:\/\/galeoimpactfund.org\/es\/wp-json\/wp\/v2\/product_brand?post=2665"},{"taxonomy":"product_cat","embeddable":true,"href":"https:\/\/galeoimpactfund.org\/es\/wp-json\/wp\/v2\/product_cat?post=2665"},{"taxonomy":"product_tag","embeddable":true,"href":"https:\/\/galeoimpactfund.org\/es\/wp-json\/wp\/v2\/product_tag?post=2665"}],"curies":[{"name":"wp","href":"https:\/\/api.w.org\/{rel}","templated":true}]}}