{"id":655,"date":"2022-02-18T23:06:05","date_gmt":"2022-02-18T23:06:05","guid":{"rendered":"https:\/\/galeoimpactfund.org\/product\/camiseta-unisex-de-manga-corta-galeo\/"},"modified":"2022-02-18T23:06:05","modified_gmt":"2022-02-18T23:06:05","slug":"camiseta-galeo-manga-corta-unisex","status":"publish","type":"product","link":"https:\/\/galeoimpactfund.org\/es\/producto\/camiseta-galeo-manga-corta-unisex\/","title":{"rendered":"Camiseta unisex de manga corta GALEO"},"content":{"rendered":"<p>Esta camiseta es todo lo que has so\u00f1ado y m\u00e1s. Se siente suave y liviano, con la cantidad adecuada de elasticidad. Es c\u00f3modo y favorecedor para todos. <\/p>\n<p>\u2022 100 % algod\u00f3n peinado e hilado en anillo (los colores jaspeados contienen poli\u00e9ster)<br \/>\n\u2022 El color ceniza es 99 % algod\u00f3n peinado e hilado en anillo, 1 % poli\u00e9ster<br \/>\n\u2022 Los colores jaspeados son 52 % algod\u00f3n peinado e hilado en anillo, 48 % poli\u00e9ster<br \/>\n\u2022 Athletic y Black Heather son 90% algod\u00f3n peinado e hilado en anillo, 10% poli\u00e9ster<br \/>\n\u2022 Los colores Heather Prism son 99 % algod\u00f3n peinado e hilado en anillos, 1 % poli\u00e9ster<br \/>\n\u2022 Peso de la tela: 4,2 oz (142 g\/m2)<br \/>\n\u2022 Tela preencogida<br \/>\n\u2022 Construcci\u00f3n con costuras laterales<br \/>\n\u2022 Cinta de hombro a hombro<\/p>\n","protected":false},"excerpt":{"rendered":"<p>Esta camiseta es todo lo que has so\u00f1ado y m\u00e1s. Se siente suave y liviano, con la cantidad adecuada de elasticidad. Es c\u00f3modo y favorecedor para todos. \u2022 100 % algod\u00f3n peinado e hilado en anillo (los colores jaspeados contienen poli\u00e9ster) \u2022 El color ceniza es 99 % algod\u00f3n peinado e hilado en anillo, 1 [&hellip;]<\/p>\n","protected":false},"featured_media":580,"comment_status":"open","ping_status":"closed","template":"","meta":[],"product_brand":[],"product_cat":[],"product_tag":[],"class_list":{"0":"post-655","1":"product","2":"type-product","3":"status-publish","4":"has-post-thumbnail","7":"first","8":"instock","9":"shipping-taxable","10":"purchasable","11":"product-type-variable"},"jetpack_sharing_enabled":true,"_links":{"self":[{"href":"https:\/\/galeoimpactfund.org\/es\/wp-json\/wp\/v2\/product\/655","targetHints":{"allow":["GET"]}}],"collection":[{"href":"https:\/\/galeoimpactfund.org\/es\/wp-json\/wp\/v2\/product"}],"about":[{"href":"https:\/\/galeoimpactfund.org\/es\/wp-json\/wp\/v2\/types\/product"}],"replies":[{"embeddable":true,"href":"https:\/\/galeoimpactfund.org\/es\/wp-json\/wp\/v2\/comments?post=655"}],"wp:featuredmedia":[{"embeddable":true,"href":"https:\/\/galeoimpactfund.org\/es\/wp-json\/wp\/v2\/media\/580"}],"wp:attachment":[{"href":"https:\/\/galeoimpactfund.org\/es\/wp-json\/wp\/v2\/media?parent=655"}],"wp:term":[{"taxonomy":"product_brand","embeddable":true,"href":"https:\/\/galeoimpactfund.org\/es\/wp-json\/wp\/v2\/product_brand?post=655"},{"taxonomy":"product_cat","embeddable":true,"href":"https:\/\/galeoimpactfund.org\/es\/wp-json\/wp\/v2\/product_cat?post=655"},{"taxonomy":"product_tag","embeddable":true,"href":"https:\/\/galeoimpactfund.org\/es\/wp-json\/wp\/v2\/product_tag?post=655"}],"curies":[{"name":"wp","href":"https:\/\/api.w.org\/{rel}","templated":true}]}}